{"id":9443,"date":"2021-03-17T21:13:22","date_gmt":"2021-03-17T21:13:22","guid":{"rendered":"https:\/\/teterete.com\/mx\/?post_type=product&#038;p=9443"},"modified":"2024-04-17T21:49:42","modified_gmt":"2024-04-17T21:49:42","slug":"vajilla-de-santa-maria-atzompa-negro","status":"publish","type":"product","link":"https:\/\/teterete.com\/mx\/producto\/vajilla-de-santa-maria-atzompa-negro\/","title":{"rendered":"Vajilla de Santa Mar\u00eda Atzompa Negro"},"content":{"rendered":"<p>Arma tu vajilla\u00a0 ideal con:<\/p>\n<p>Plato cafetero de 10 cm<\/p>\n<p>Plato de postre de 15 cm<\/p>\n<p>Plato individual de 25 cm<\/p>\n<p>Plato hondo de 11 oz<\/p>\n<p>Taza cafetera de 6 oz<\/p>\n<p>*Todas las vajillas son sobre pedido, la producci\u00f3n lleva de 4 a 6 semanas dependiendo del n\u00famero de piezas.<\/p>\n<p>**El costo final de envi\u00f3 se determinar\u00e1 una vez que se confirme n\u00famero de piezas y se mida y pese empaque.<\/p>\n","protected":false},"excerpt":{"rendered":"<p>Hermosa vajilla de barro negro bru\u00f1ido, 100% artesanal elaborada por artesanos de Santa Mar\u00eda Atzompa, Oaxaca.<\/p>\n","protected":false},"featured_media":9448,"comment_status":"open","ping_status":"closed","template":"","meta":{"sfsi_plus_gutenberg_text_before_share":"","sfsi_plus_gutenberg_show_text_before_share":"","sfsi_plus_gutenberg_icon_type":"","sfsi_plus_gutenberg_icon_alignemt":"","sfsi_plus_gutenburg_max_per_row":""},"product_cat":[1584,1842,60],"product_tag":[29,1581,2006,917,1840,2005],"acf":[],"yoast_head":"<!-- This site is optimized with the Yoast SEO plugin v23.5 - https:\/\/yoast.com\/wordpress\/plugins\/seo\/ -->\n<title>Vajilla de Santa Mar\u00eda Atzompa Negro -<\/title>\n<meta name=\"robots\" content=\"index, follow, max-snippet:-1, max-image-preview:large, max-video-preview:-1\" \/>\n<link rel=\"canonical\" href=\"https:\/\/teterete.com\/mx\/producto\/vajilla-de-santa-maria-atzompa-negro\/\" \/>\n<meta property=\"og:locale\" content=\"es_ES\" \/>\n<meta property=\"og:type\" content=\"article\" \/>\n<meta property=\"og:title\" content=\"Vajilla de Santa Mar\u00eda Atzompa Negro -\" \/>\n<meta property=\"og:description\" content=\"Hermosa vajilla de barro negro bru\u00f1ido, 100% artesanal elaborada por artesanos de Santa Mar\u00eda Atzompa, Oaxaca.\" \/>\n<meta property=\"og:url\" content=\"https:\/\/teterete.com\/mx\/producto\/vajilla-de-santa-maria-atzompa-negro\/\" \/>\n<meta property=\"article:publisher\" content=\"https:\/\/www.facebook.com\/TetereteHome\/\" \/>\n<meta property=\"article:modified_time\" content=\"2024-04-17T21:49:42+00:00\" \/>\n<meta property=\"og:image\" content=\"https:\/\/teterete.com\/mx\/wp-content\/uploads\/2021\/03\/Vajilla-negra-2.jpg\" \/>\n\t<meta property=\"og:image:width\" content=\"528\" \/>\n\t<meta property=\"og:image:height\" content=\"528\" \/>\n\t<meta property=\"og:image:type\" content=\"image\/jpeg\" \/>\n<meta name=\"twitter:card\" content=\"summary_large_image\" \/>\n<meta name=\"twitter:site\" content=\"@Teterete_Home\" \/>\n<meta name=\"twitter:label1\" content=\"Tiempo de lectura\" \/>\n\t<meta name=\"twitter:data1\" content=\"1 minuto\" \/>\n<script type=\"application\/ld+json\" class=\"yoast-schema-graph\">{\"@context\":\"https:\/\/schema.org\",\"@graph\":[{\"@type\":\"WebPage\",\"@id\":\"https:\/\/teterete.com\/mx\/producto\/vajilla-de-santa-maria-atzompa-negro\/\",\"url\":\"https:\/\/teterete.com\/mx\/producto\/vajilla-de-santa-maria-atzompa-negro\/\",\"name\":\"Vajilla de Santa Mar\u00eda Atzompa Negro -\",\"isPartOf\":{\"@id\":\"https:\/\/teterete.com\/mx\/#website\"},\"primaryImageOfPage\":{\"@id\":\"https:\/\/teterete.com\/mx\/producto\/vajilla-de-santa-maria-atzompa-negro\/#primaryimage\"},\"image\":{\"@id\":\"https:\/\/teterete.com\/mx\/producto\/vajilla-de-santa-maria-atzompa-negro\/#primaryimage\"},\"thumbnailUrl\":\"https:\/\/teterete.com\/mx\/wp-content\/uploads\/2021\/03\/Vajilla-negra-2.jpg\",\"datePublished\":\"2021-03-17T21:13:22+00:00\",\"dateModified\":\"2024-04-17T21:49:42+00:00\",\"breadcrumb\":{\"@id\":\"https:\/\/teterete.com\/mx\/producto\/vajilla-de-santa-maria-atzompa-negro\/#breadcrumb\"},\"inLanguage\":\"es\",\"potentialAction\":[{\"@type\":\"ReadAction\",\"target\":[\"https:\/\/teterete.com\/mx\/producto\/vajilla-de-santa-maria-atzompa-negro\/\"]}]},{\"@type\":\"ImageObject\",\"inLanguage\":\"es\",\"@id\":\"https:\/\/teterete.com\/mx\/producto\/vajilla-de-santa-maria-atzompa-negro\/#primaryimage\",\"url\":\"https:\/\/teterete.com\/mx\/wp-content\/uploads\/2021\/03\/Vajilla-negra-2.jpg\",\"contentUrl\":\"https:\/\/teterete.com\/mx\/wp-content\/uploads\/2021\/03\/Vajilla-negra-2.jpg\",\"width\":\"528\",\"height\":\"528\",\"caption\":\"Vajilla artesanal de Oaxaca.\"},{\"@type\":\"BreadcrumbList\",\"@id\":\"https:\/\/teterete.com\/mx\/producto\/vajilla-de-santa-maria-atzompa-negro\/#breadcrumb\",\"itemListElement\":[{\"@type\":\"ListItem\",\"position\":1,\"name\":\"Home\",\"item\":\"https:\/\/teterete.com\/mx\/\"},{\"@type\":\"ListItem\",\"position\":2,\"name\":\"Productos\",\"item\":\"https:\/\/teterete.com\/mx\/shop\/\"},{\"@type\":\"ListItem\",\"position\":3,\"name\":\"Vajilla de Santa Mar\u00eda Atzompa Negro\"}]},{\"@type\":\"WebSite\",\"@id\":\"https:\/\/teterete.com\/mx\/#website\",\"url\":\"https:\/\/teterete.com\/mx\/\",\"name\":\"\",\"description\":\"Tienda en L\u00ednea de Fina Artesanias y Dise\u00f1o Mexicano. Bellas piezas elaboradas a mano por los mejores artesanos del pa\u00eds as\u00ed como piezas de dise\u00f1o y decoraci\u00f3n con inspiraci\u00f3n artesanal.\",\"potentialAction\":[{\"@type\":\"SearchAction\",\"target\":{\"@type\":\"EntryPoint\",\"urlTemplate\":\"https:\/\/teterete.com\/mx\/?s={search_term_string}\"},\"query-input\":{\"@type\":\"PropertyValueSpecification\",\"valueRequired\":true,\"valueName\":\"search_term_string\"}}],\"inLanguage\":\"es\"}]}<\/script>\n<!-- \/ Yoast SEO plugin. -->","yoast_head_json":{"title":"Vajilla de Santa Mar\u00eda Atzompa Negro -","robots":{"index":"index","follow":"follow","max-snippet":"max-snippet:-1","max-image-preview":"max-image-preview:large","max-video-preview":"max-video-preview:-1"},"canonical":"https:\/\/teterete.com\/mx\/producto\/vajilla-de-santa-maria-atzompa-negro\/","og_locale":"es_ES","og_type":"article","og_title":"Vajilla de Santa Mar\u00eda Atzompa Negro -","og_description":"Hermosa vajilla de barro negro bru\u00f1ido, 100% artesanal elaborada por artesanos de Santa Mar\u00eda Atzompa, Oaxaca.","og_url":"https:\/\/teterete.com\/mx\/producto\/vajilla-de-santa-maria-atzompa-negro\/","article_publisher":"https:\/\/www.facebook.com\/TetereteHome\/","article_modified_time":"2024-04-17T21:49:42+00:00","og_image":[{"width":528,"height":528,"url":"https:\/\/teterete.com\/mx\/wp-content\/uploads\/2021\/03\/Vajilla-negra-2.jpg","type":"image\/jpeg"}],"twitter_card":"summary_large_image","twitter_site":"@Teterete_Home","twitter_misc":{"Tiempo de lectura":"1 minuto"},"schema":{"@context":"https:\/\/schema.org","@graph":[{"@type":"WebPage","@id":"https:\/\/teterete.com\/mx\/producto\/vajilla-de-santa-maria-atzompa-negro\/","url":"https:\/\/teterete.com\/mx\/producto\/vajilla-de-santa-maria-atzompa-negro\/","name":"Vajilla de Santa Mar\u00eda Atzompa Negro -","isPartOf":{"@id":"https:\/\/teterete.com\/mx\/#website"},"primaryImageOfPage":{"@id":"https:\/\/teterete.com\/mx\/producto\/vajilla-de-santa-maria-atzompa-negro\/#primaryimage"},"image":{"@id":"https:\/\/teterete.com\/mx\/producto\/vajilla-de-santa-maria-atzompa-negro\/#primaryimage"},"thumbnailUrl":"https:\/\/teterete.com\/mx\/wp-content\/uploads\/2021\/03\/Vajilla-negra-2.jpg","datePublished":"2021-03-17T21:13:22+00:00","dateModified":"2024-04-17T21:49:42+00:00","breadcrumb":{"@id":"https:\/\/teterete.com\/mx\/producto\/vajilla-de-santa-maria-atzompa-negro\/#breadcrumb"},"inLanguage":"es","potentialAction":[{"@type":"ReadAction","target":["https:\/\/teterete.com\/mx\/producto\/vajilla-de-santa-maria-atzompa-negro\/"]}]},{"@type":"ImageObject","inLanguage":"es","@id":"https:\/\/teterete.com\/mx\/producto\/vajilla-de-santa-maria-atzompa-negro\/#primaryimage","url":"https:\/\/teterete.com\/mx\/wp-content\/uploads\/2021\/03\/Vajilla-negra-2.jpg","contentUrl":"https:\/\/teterete.com\/mx\/wp-content\/uploads\/2021\/03\/Vajilla-negra-2.jpg","width":"528","height":"528","caption":"Vajilla artesanal de Oaxaca."},{"@type":"BreadcrumbList","@id":"https:\/\/teterete.com\/mx\/producto\/vajilla-de-santa-maria-atzompa-negro\/#breadcrumb","itemListElement":[{"@type":"ListItem","position":1,"name":"Home","item":"https:\/\/teterete.com\/mx\/"},{"@type":"ListItem","position":2,"name":"Productos","item":"https:\/\/teterete.com\/mx\/shop\/"},{"@type":"ListItem","position":3,"name":"Vajilla de Santa Mar\u00eda Atzompa Negro"}]},{"@type":"WebSite","@id":"https:\/\/teterete.com\/mx\/#website","url":"https:\/\/teterete.com\/mx\/","name":"","description":"Tienda en L\u00ednea de Fina Artesanias y Dise\u00f1o Mexicano. Bellas piezas elaboradas a mano por los mejores artesanos del pa\u00eds as\u00ed como piezas de dise\u00f1o y decoraci\u00f3n con inspiraci\u00f3n artesanal.","potentialAction":[{"@type":"SearchAction","target":{"@type":"EntryPoint","urlTemplate":"https:\/\/teterete.com\/mx\/?s={search_term_string}"},"query-input":{"@type":"PropertyValueSpecification","valueRequired":true,"valueName":"search_term_string"}}],"inLanguage":"es"}]}},"_links":{"self":[{"href":"https:\/\/teterete.com\/mx\/wp-json\/wp\/v2\/product\/9443"}],"collection":[{"href":"https:\/\/teterete.com\/mx\/wp-json\/wp\/v2\/product"}],"about":[{"href":"https:\/\/teterete.com\/mx\/wp-json\/wp\/v2\/types\/product"}],"replies":[{"embeddable":true,"href":"https:\/\/teterete.com\/mx\/wp-json\/wp\/v2\/comments?post=9443"}],"wp:featuredmedia":[{"embeddable":true,"href":"https:\/\/teterete.com\/mx\/wp-json\/wp\/v2\/media\/9448"}],"wp:attachment":[{"href":"https:\/\/teterete.com\/mx\/wp-json\/wp\/v2\/media?parent=9443"}],"wp:term":[{"taxonomy":"product_cat","embeddable":true,"href":"https:\/\/teterete.com\/mx\/wp-json\/wp\/v2\/product_cat?post=9443"},{"taxonomy":"product_tag","embeddable":true,"href":"https:\/\/teterete.com\/mx\/wp-json\/wp\/v2\/product_tag?post=9443"}],"curies":[{"name":"wp","href":"https:\/\/api.w.org\/{rel}","templated":true}]}}