{"id":9515,"date":"2021-03-27T18:55:22","date_gmt":"2021-03-27T18:55:22","guid":{"rendered":"https:\/\/teterete.com\/mx\/?post_type=product&#038;p=9515"},"modified":"2024-04-27T14:04:13","modified_gmt":"2024-04-27T14:04:13","slug":"kira-de-jabones-y-exfoliante-para-bano","status":"publish","type":"product","link":"https:\/\/teterete.com\/mx\/producto\/kira-de-jabones-y-exfoliante-para-bano\/","title":{"rendered":"Kit de Jabones y Exfoliante para Ba\u00f1o"},"content":{"rendered":"<p>Medidas: 27 x 10.5 x 9.5 cms.<\/p>\n<p>*En caso de no contar con inventario el tiempo de entrega es de 2 \u00a0semanas<\/p>\n<p>Musgo es un proyecto artesanal productivo de la Fundaci\u00f3n VIA, I.A.P. que busca elevar la calidad de vida de los habitantes de El Manzano en Valle de Bravo, Estado de M\u00e9xico y de otras comunidades aleda\u00f1as, a trav\u00e9s de la capacitaci\u00f3n para el trabajo, la educaci\u00f3n y el comercio justo.<\/p>\n","protected":false},"excerpt":{"rendered":"<div class=\"woocommerce-product-details__short-description\">\n<p>Kit de ba\u00f1o con 3 jabones de miel, natural y toronjil y un cepillo exfoliador en una charola de rat\u00e1n.<\/p>\n<\/div>\n","protected":false},"featured_media":9512,"comment_status":"open","ping_status":"closed","template":"","meta":{"_acf_changed":false,"sfsi_plus_gutenberg_text_before_share":"","sfsi_plus_gutenberg_show_text_before_share":"","sfsi_plus_gutenberg_icon_type":"","sfsi_plus_gutenberg_icon_alignemt":"","sfsi_plus_gutenburg_max_per_row":""},"product_brand":[],"product_cat":[334,2322,995,683,61,2057],"product_tag":[2055,2054,2052,2053],"class_list":{"0":"post-9515","1":"product","2":"type-product","3":"status-publish","4":"has-post-thumbnail","6":"product_cat-accesorios-bano","7":"product_cat-kist-artesanales","8":"product_cat-musgo","9":"product_cat-objetos_de_palma","10":"product_cat-para_ella","11":"product_cat-regalos-mama","12":"product_tag-jabones-artesanales","13":"product_tag-kit-de-bano","14":"product_tag-set-de-jabones","15":"product_tag-set-para-bano","16":"product_shipping_class-standard","18":"first","19":"instock","20":"taxable","21":"shipping-taxable","22":"purchasable","23":"product-type-simple"},"acf":[],"yoast_head":"<!-- This site is optimized with the Yoast SEO plugin v27.5 - https:\/\/yoast.com\/product\/yoast-seo-wordpress\/ -->\n<title>Kit de Jabones y Exfoliante para Ba\u00f1o -<\/title>\n<meta name=\"description\" content=\"Kit de jabones y exfoliador artesanal elaborado por artesanos de Valle de Bravo\" \/>\n<meta name=\"robots\" content=\"index, follow, max-snippet:-1, max-image-preview:large, max-video-preview:-1\" \/>\n<link rel=\"canonical\" href=\"https:\/\/teterete.com\/mx\/producto\/kira-de-jabones-y-exfoliante-para-bano\/\" \/>\n<meta property=\"og:locale\" content=\"es_ES\" \/>\n<meta property=\"og:type\" content=\"article\" \/>\n<meta property=\"og:title\" content=\"Kit de Jabones y Exfoliante para Ba\u00f1o -\" \/>\n<meta property=\"og:description\" content=\"Kit de jabones y exfoliador artesanal elaborado por artesanos de Valle de Bravo\" \/>\n<meta property=\"og:url\" content=\"https:\/\/teterete.com\/mx\/producto\/kira-de-jabones-y-exfoliante-para-bano\/\" \/>\n<meta property=\"article:publisher\" content=\"https:\/\/www.facebook.com\/TetereteHome\/\" \/>\n<meta property=\"article:modified_time\" content=\"2024-04-27T14:04:13+00:00\" \/>\n<meta property=\"og:image\" content=\"https:\/\/teterete.com\/mx\/wp-content\/uploads\/2021\/03\/EMPRE-6-2021_-KIT-PARA-BANO_Pieza_EMP2021-6-IMG_3600-1200x1200.jpg\" \/>\n\t<meta property=\"og:image:width\" content=\"1200\" \/>\n\t<meta property=\"og:image:height\" content=\"1200\" \/>\n\t<meta property=\"og:image:type\" content=\"image\/jpeg\" \/>\n<meta name=\"twitter:card\" content=\"summary_large_image\" \/>\n<meta name=\"twitter:site\" content=\"@Teterete_Home\" \/>\n<meta name=\"twitter:label1\" content=\"Tiempo de lectura\" \/>\n\t<meta name=\"twitter:data1\" content=\"1 minuto\" \/>\n<script type=\"application\/ld+json\" class=\"yoast-schema-graph\">{\"@context\":\"https:\\\/\\\/schema.org\",\"@graph\":[{\"@type\":\"WebPage\",\"@id\":\"https:\\\/\\\/teterete.com\\\/mx\\\/producto\\\/kira-de-jabones-y-exfoliante-para-bano\\\/\",\"url\":\"https:\\\/\\\/teterete.com\\\/mx\\\/producto\\\/kira-de-jabones-y-exfoliante-para-bano\\\/\",\"name\":\"Kit de Jabones y Exfoliante para Ba\u00f1o -\",\"isPartOf\":{\"@id\":\"https:\\\/\\\/teterete.com\\\/mx\\\/#website\"},\"primaryImageOfPage\":{\"@id\":\"https:\\\/\\\/teterete.com\\\/mx\\\/producto\\\/kira-de-jabones-y-exfoliante-para-bano\\\/#primaryimage\"},\"image\":{\"@id\":\"https:\\\/\\\/teterete.com\\\/mx\\\/producto\\\/kira-de-jabones-y-exfoliante-para-bano\\\/#primaryimage\"},\"thumbnailUrl\":\"https:\\\/\\\/teterete.com\\\/mx\\\/wp-content\\\/uploads\\\/2021\\\/03\\\/EMPRE-6-2021_-KIT-PARA-BANO_Pieza_EMP2021-6-IMG_3600-1200x1200.jpg\",\"datePublished\":\"2021-03-27T18:55:22+00:00\",\"dateModified\":\"2024-04-27T14:04:13+00:00\",\"description\":\"Kit de jabones y exfoliador artesanal elaborado por artesanos de Valle de Bravo\",\"breadcrumb\":{\"@id\":\"https:\\\/\\\/teterete.com\\\/mx\\\/producto\\\/kira-de-jabones-y-exfoliante-para-bano\\\/#breadcrumb\"},\"inLanguage\":\"es\",\"potentialAction\":[{\"@type\":\"ReadAction\",\"target\":[\"https:\\\/\\\/teterete.com\\\/mx\\\/producto\\\/kira-de-jabones-y-exfoliante-para-bano\\\/\"]}]},{\"@type\":\"ImageObject\",\"inLanguage\":\"es\",\"@id\":\"https:\\\/\\\/teterete.com\\\/mx\\\/producto\\\/kira-de-jabones-y-exfoliante-para-bano\\\/#primaryimage\",\"url\":\"https:\\\/\\\/teterete.com\\\/mx\\\/wp-content\\\/uploads\\\/2021\\\/03\\\/EMPRE-6-2021_-KIT-PARA-BANO_Pieza_EMP2021-6-IMG_3600-1200x1200.jpg\",\"contentUrl\":\"https:\\\/\\\/teterete.com\\\/mx\\\/wp-content\\\/uploads\\\/2021\\\/03\\\/EMPRE-6-2021_-KIT-PARA-BANO_Pieza_EMP2021-6-IMG_3600-1200x1200.jpg\",\"width\":\"1200\",\"height\":\"1200\",\"caption\":\"Kit para Ba\u00f1o\"},{\"@type\":\"BreadcrumbList\",\"@id\":\"https:\\\/\\\/teterete.com\\\/mx\\\/producto\\\/kira-de-jabones-y-exfoliante-para-bano\\\/#breadcrumb\",\"itemListElement\":[{\"@type\":\"ListItem\",\"position\":1,\"name\":\"Home\",\"item\":\"https:\\\/\\\/teterete.com\\\/mx\\\/\"},{\"@type\":\"ListItem\",\"position\":2,\"name\":\"Productos\",\"item\":\"https:\\\/\\\/teterete.com\\\/mx\\\/shop\\\/\"},{\"@type\":\"ListItem\",\"position\":3,\"name\":\"Kit de Jabones y Exfoliante para Ba\u00f1o\"}]},{\"@type\":\"WebSite\",\"@id\":\"https:\\\/\\\/teterete.com\\\/mx\\\/#website\",\"url\":\"https:\\\/\\\/teterete.com\\\/mx\\\/\",\"name\":\"\",\"description\":\"Tienda en L\u00ednea de Fina Artesanias y Dise\u00f1o Mexicano. Bellas piezas elaboradas a mano por los mejores artesanos del pa\u00eds as\u00ed como piezas de dise\u00f1o y decoraci\u00f3n con inspiraci\u00f3n artesanal.\",\"potentialAction\":[{\"@type\":\"SearchAction\",\"target\":{\"@type\":\"EntryPoint\",\"urlTemplate\":\"https:\\\/\\\/teterete.com\\\/mx\\\/?s={search_term_string}\"},\"query-input\":{\"@type\":\"PropertyValueSpecification\",\"valueRequired\":true,\"valueName\":\"search_term_string\"}}],\"inLanguage\":\"es\"}]}<\/script>\n<!-- \/ Yoast SEO plugin. -->","yoast_head_json":{"title":"Kit de Jabones y Exfoliante para Ba\u00f1o -","description":"Kit de jabones y exfoliador artesanal elaborado por artesanos de Valle de Bravo","robots":{"index":"index","follow":"follow","max-snippet":"max-snippet:-1","max-image-preview":"max-image-preview:large","max-video-preview":"max-video-preview:-1"},"canonical":"https:\/\/teterete.com\/mx\/producto\/kira-de-jabones-y-exfoliante-para-bano\/","og_locale":"es_ES","og_type":"article","og_title":"Kit de Jabones y Exfoliante para Ba\u00f1o -","og_description":"Kit de jabones y exfoliador artesanal elaborado por artesanos de Valle de Bravo","og_url":"https:\/\/teterete.com\/mx\/producto\/kira-de-jabones-y-exfoliante-para-bano\/","article_publisher":"https:\/\/www.facebook.com\/TetereteHome\/","article_modified_time":"2024-04-27T14:04:13+00:00","og_image":[{"width":1200,"height":1200,"url":"https:\/\/teterete.com\/mx\/wp-content\/uploads\/2021\/03\/EMPRE-6-2021_-KIT-PARA-BANO_Pieza_EMP2021-6-IMG_3600-1200x1200.jpg","type":"image\/jpeg"}],"twitter_card":"summary_large_image","twitter_site":"@Teterete_Home","twitter_misc":{"Tiempo de lectura":"1 minuto"},"schema":{"@context":"https:\/\/schema.org","@graph":[{"@type":"WebPage","@id":"https:\/\/teterete.com\/mx\/producto\/kira-de-jabones-y-exfoliante-para-bano\/","url":"https:\/\/teterete.com\/mx\/producto\/kira-de-jabones-y-exfoliante-para-bano\/","name":"Kit de Jabones y Exfoliante para Ba\u00f1o -","isPartOf":{"@id":"https:\/\/teterete.com\/mx\/#website"},"primaryImageOfPage":{"@id":"https:\/\/teterete.com\/mx\/producto\/kira-de-jabones-y-exfoliante-para-bano\/#primaryimage"},"image":{"@id":"https:\/\/teterete.com\/mx\/producto\/kira-de-jabones-y-exfoliante-para-bano\/#primaryimage"},"thumbnailUrl":"https:\/\/teterete.com\/mx\/wp-content\/uploads\/2021\/03\/EMPRE-6-2021_-KIT-PARA-BANO_Pieza_EMP2021-6-IMG_3600-1200x1200.jpg","datePublished":"2021-03-27T18:55:22+00:00","dateModified":"2024-04-27T14:04:13+00:00","description":"Kit de jabones y exfoliador artesanal elaborado por artesanos de Valle de Bravo","breadcrumb":{"@id":"https:\/\/teterete.com\/mx\/producto\/kira-de-jabones-y-exfoliante-para-bano\/#breadcrumb"},"inLanguage":"es","potentialAction":[{"@type":"ReadAction","target":["https:\/\/teterete.com\/mx\/producto\/kira-de-jabones-y-exfoliante-para-bano\/"]}]},{"@type":"ImageObject","inLanguage":"es","@id":"https:\/\/teterete.com\/mx\/producto\/kira-de-jabones-y-exfoliante-para-bano\/#primaryimage","url":"https:\/\/teterete.com\/mx\/wp-content\/uploads\/2021\/03\/EMPRE-6-2021_-KIT-PARA-BANO_Pieza_EMP2021-6-IMG_3600-1200x1200.jpg","contentUrl":"https:\/\/teterete.com\/mx\/wp-content\/uploads\/2021\/03\/EMPRE-6-2021_-KIT-PARA-BANO_Pieza_EMP2021-6-IMG_3600-1200x1200.jpg","width":"1200","height":"1200","caption":"Kit para Ba\u00f1o"},{"@type":"BreadcrumbList","@id":"https:\/\/teterete.com\/mx\/producto\/kira-de-jabones-y-exfoliante-para-bano\/#breadcrumb","itemListElement":[{"@type":"ListItem","position":1,"name":"Home","item":"https:\/\/teterete.com\/mx\/"},{"@type":"ListItem","position":2,"name":"Productos","item":"https:\/\/teterete.com\/mx\/shop\/"},{"@type":"ListItem","position":3,"name":"Kit de Jabones y Exfoliante para Ba\u00f1o"}]},{"@type":"WebSite","@id":"https:\/\/teterete.com\/mx\/#website","url":"https:\/\/teterete.com\/mx\/","name":"","description":"Tienda en L\u00ednea de Fina Artesanias y Dise\u00f1o Mexicano. Bellas piezas elaboradas a mano por los mejores artesanos del pa\u00eds as\u00ed como piezas de dise\u00f1o y decoraci\u00f3n con inspiraci\u00f3n artesanal.","potentialAction":[{"@type":"SearchAction","target":{"@type":"EntryPoint","urlTemplate":"https:\/\/teterete.com\/mx\/?s={search_term_string}"},"query-input":{"@type":"PropertyValueSpecification","valueRequired":true,"valueName":"search_term_string"}}],"inLanguage":"es"}]}},"_links":{"self":[{"href":"https:\/\/teterete.com\/mx\/wp-json\/wp\/v2\/product\/9515","targetHints":{"allow":["GET"]}}],"collection":[{"href":"https:\/\/teterete.com\/mx\/wp-json\/wp\/v2\/product"}],"about":[{"href":"https:\/\/teterete.com\/mx\/wp-json\/wp\/v2\/types\/product"}],"replies":[{"embeddable":true,"href":"https:\/\/teterete.com\/mx\/wp-json\/wp\/v2\/comments?post=9515"}],"wp:featuredmedia":[{"embeddable":true,"href":"https:\/\/teterete.com\/mx\/wp-json\/wp\/v2\/media\/9512"}],"wp:attachment":[{"href":"https:\/\/teterete.com\/mx\/wp-json\/wp\/v2\/media?parent=9515"}],"wp:term":[{"taxonomy":"product_brand","embeddable":true,"href":"https:\/\/teterete.com\/mx\/wp-json\/wp\/v2\/product_brand?post=9515"},{"taxonomy":"product_cat","embeddable":true,"href":"https:\/\/teterete.com\/mx\/wp-json\/wp\/v2\/product_cat?post=9515"},{"taxonomy":"product_tag","embeddable":true,"href":"https:\/\/teterete.com\/mx\/wp-json\/wp\/v2\/product_tag?post=9515"}],"curies":[{"name":"wp","href":"https:\/\/api.w.org\/{rel}","templated":true}]}}