{"id":9710,"date":"2021-06-18T18:44:42","date_gmt":"2021-06-18T18:44:42","guid":{"rendered":"https:\/\/teterete.com\/mx\/?post_type=product&#038;p=9710"},"modified":"2025-09-22T18:07:34","modified_gmt":"2025-09-22T18:07:34","slug":"set-de-10-cucharas-salseras-de-madera","status":"publish","type":"product","link":"https:\/\/teterete.com\/mx\/producto\/set-de-10-cucharas-salseras-de-madera\/","title":{"rendered":"Set de 10 Cucharas Salseras de Madera"},"content":{"rendered":"<p>Medidas: 12 cms<\/p>\n<p>Material: Guayabillo<\/p>\n<p>Hechas a Mano por artesanos de Guerrero<\/p>\n<p>**Piezas sobre pedido<\/p>\n<p>&nbsp;<\/p>\n","protected":false},"excerpt":{"rendered":"<p>Set de cucharitas de madera para restaurante elaboradas artesanalmente en Guerrero. \u00fasalas para salsa o caf\u00e9<\/p>\n","protected":false},"featured_media":9711,"comment_status":"open","ping_status":"closed","template":"","meta":{"_acf_changed":false,"sfsi_plus_gutenberg_text_before_share":"","sfsi_plus_gutenberg_show_text_before_share":"","sfsi_plus_gutenberg_icon_type":"","sfsi_plus_gutenberg_icon_alignemt":"","sfsi_plus_gutenburg_max_per_row":""},"product_brand":[],"product_cat":[1584,338],"product_tag":[2121,2122,2120],"class_list":{"0":"post-9710","1":"product","2":"type-product","3":"status-publish","4":"has-post-thumbnail","6":"product_cat-mesa-mexicana","7":"product_cat-utensilio","8":"product_tag-cucharas-artesanales","9":"product_tag-cucharas-para-restaurante","10":"product_tag-cucharitas-de-madera","11":"product_shipping_class-fast-delivery","13":"first","14":"instock","15":"taxable","16":"shipping-taxable","17":"purchasable","18":"product-type-simple"},"acf":[],"yoast_head":"<!-- This site is optimized with the Yoast SEO plugin v27.5 - https:\/\/yoast.com\/product\/yoast-seo-wordpress\/ -->\n<title>Set de 10 Cucharas Salseras de Madera -<\/title>\n<meta name=\"robots\" content=\"index, follow, max-snippet:-1, max-image-preview:large, max-video-preview:-1\" \/>\n<link rel=\"canonical\" href=\"https:\/\/teterete.com\/mx\/producto\/set-de-10-cucharas-salseras-de-madera\/\" \/>\n<meta property=\"og:locale\" content=\"es_ES\" \/>\n<meta property=\"og:type\" content=\"article\" \/>\n<meta property=\"og:title\" content=\"Set de 10 Cucharas Salseras de Madera -\" \/>\n<meta property=\"og:description\" content=\"Set de cucharitas de madera para restaurante elaboradas artesanalmente en Guerrero. \u00fasalas para salsa o caf\u00e9\" \/>\n<meta property=\"og:url\" content=\"https:\/\/teterete.com\/mx\/producto\/set-de-10-cucharas-salseras-de-madera\/\" \/>\n<meta property=\"article:publisher\" content=\"https:\/\/www.facebook.com\/TetereteHome\/\" \/>\n<meta property=\"article:modified_time\" content=\"2025-09-22T18:07:34+00:00\" \/>\n<meta property=\"og:image\" content=\"https:\/\/teterete.com\/mx\/wp-content\/uploads\/2021\/06\/cucharas-de-madera.jpeg\" \/>\n\t<meta property=\"og:image:width\" content=\"1280\" \/>\n\t<meta property=\"og:image:height\" content=\"1280\" \/>\n\t<meta property=\"og:image:type\" content=\"image\/jpeg\" \/>\n<meta name=\"twitter:card\" content=\"summary_large_image\" \/>\n<meta name=\"twitter:site\" content=\"@Teterete_Home\" \/>\n<meta name=\"twitter:label1\" content=\"Tiempo de lectura\" \/>\n\t<meta name=\"twitter:data1\" content=\"1 minuto\" \/>\n<script type=\"application\/ld+json\" class=\"yoast-schema-graph\">{\"@context\":\"https:\\\/\\\/schema.org\",\"@graph\":[{\"@type\":\"WebPage\",\"@id\":\"https:\\\/\\\/teterete.com\\\/mx\\\/producto\\\/set-de-10-cucharas-salseras-de-madera\\\/\",\"url\":\"https:\\\/\\\/teterete.com\\\/mx\\\/producto\\\/set-de-10-cucharas-salseras-de-madera\\\/\",\"name\":\"Set de 10 Cucharas Salseras de Madera -\",\"isPartOf\":{\"@id\":\"https:\\\/\\\/teterete.com\\\/mx\\\/#website\"},\"primaryImageOfPage\":{\"@id\":\"https:\\\/\\\/teterete.com\\\/mx\\\/producto\\\/set-de-10-cucharas-salseras-de-madera\\\/#primaryimage\"},\"image\":{\"@id\":\"https:\\\/\\\/teterete.com\\\/mx\\\/producto\\\/set-de-10-cucharas-salseras-de-madera\\\/#primaryimage\"},\"thumbnailUrl\":\"https:\\\/\\\/teterete.com\\\/mx\\\/wp-content\\\/uploads\\\/2021\\\/06\\\/cucharas-de-madera.jpeg\",\"datePublished\":\"2021-06-18T18:44:42+00:00\",\"dateModified\":\"2025-09-22T18:07:34+00:00\",\"breadcrumb\":{\"@id\":\"https:\\\/\\\/teterete.com\\\/mx\\\/producto\\\/set-de-10-cucharas-salseras-de-madera\\\/#breadcrumb\"},\"inLanguage\":\"es\",\"potentialAction\":[{\"@type\":\"ReadAction\",\"target\":[\"https:\\\/\\\/teterete.com\\\/mx\\\/producto\\\/set-de-10-cucharas-salseras-de-madera\\\/\"]}]},{\"@type\":\"ImageObject\",\"inLanguage\":\"es\",\"@id\":\"https:\\\/\\\/teterete.com\\\/mx\\\/producto\\\/set-de-10-cucharas-salseras-de-madera\\\/#primaryimage\",\"url\":\"https:\\\/\\\/teterete.com\\\/mx\\\/wp-content\\\/uploads\\\/2021\\\/06\\\/cucharas-de-madera.jpeg\",\"contentUrl\":\"https:\\\/\\\/teterete.com\\\/mx\\\/wp-content\\\/uploads\\\/2021\\\/06\\\/cucharas-de-madera.jpeg\",\"width\":1280,\"height\":1280,\"caption\":\"Cucharas de Madera\"},{\"@type\":\"BreadcrumbList\",\"@id\":\"https:\\\/\\\/teterete.com\\\/mx\\\/producto\\\/set-de-10-cucharas-salseras-de-madera\\\/#breadcrumb\",\"itemListElement\":[{\"@type\":\"ListItem\",\"position\":1,\"name\":\"Home\",\"item\":\"https:\\\/\\\/teterete.com\\\/mx\\\/\"},{\"@type\":\"ListItem\",\"position\":2,\"name\":\"Productos\",\"item\":\"https:\\\/\\\/teterete.com\\\/mx\\\/shop\\\/\"},{\"@type\":\"ListItem\",\"position\":3,\"name\":\"Set de 10 Cucharas Salseras de Madera\"}]},{\"@type\":\"WebSite\",\"@id\":\"https:\\\/\\\/teterete.com\\\/mx\\\/#website\",\"url\":\"https:\\\/\\\/teterete.com\\\/mx\\\/\",\"name\":\"\",\"description\":\"Tienda en L\u00ednea de Fina Artesanias y Dise\u00f1o Mexicano. Bellas piezas elaboradas a mano por los mejores artesanos del pa\u00eds as\u00ed como piezas de dise\u00f1o y decoraci\u00f3n con inspiraci\u00f3n artesanal.\",\"potentialAction\":[{\"@type\":\"SearchAction\",\"target\":{\"@type\":\"EntryPoint\",\"urlTemplate\":\"https:\\\/\\\/teterete.com\\\/mx\\\/?s={search_term_string}\"},\"query-input\":{\"@type\":\"PropertyValueSpecification\",\"valueRequired\":true,\"valueName\":\"search_term_string\"}}],\"inLanguage\":\"es\"}]}<\/script>\n<!-- \/ Yoast SEO plugin. -->","yoast_head_json":{"title":"Set de 10 Cucharas Salseras de Madera -","robots":{"index":"index","follow":"follow","max-snippet":"max-snippet:-1","max-image-preview":"max-image-preview:large","max-video-preview":"max-video-preview:-1"},"canonical":"https:\/\/teterete.com\/mx\/producto\/set-de-10-cucharas-salseras-de-madera\/","og_locale":"es_ES","og_type":"article","og_title":"Set de 10 Cucharas Salseras de Madera -","og_description":"Set de cucharitas de madera para restaurante elaboradas artesanalmente en Guerrero. \u00fasalas para salsa o caf\u00e9","og_url":"https:\/\/teterete.com\/mx\/producto\/set-de-10-cucharas-salseras-de-madera\/","article_publisher":"https:\/\/www.facebook.com\/TetereteHome\/","article_modified_time":"2025-09-22T18:07:34+00:00","og_image":[{"width":1280,"height":1280,"url":"https:\/\/teterete.com\/mx\/wp-content\/uploads\/2021\/06\/cucharas-de-madera.jpeg","type":"image\/jpeg"}],"twitter_card":"summary_large_image","twitter_site":"@Teterete_Home","twitter_misc":{"Tiempo de lectura":"1 minuto"},"schema":{"@context":"https:\/\/schema.org","@graph":[{"@type":"WebPage","@id":"https:\/\/teterete.com\/mx\/producto\/set-de-10-cucharas-salseras-de-madera\/","url":"https:\/\/teterete.com\/mx\/producto\/set-de-10-cucharas-salseras-de-madera\/","name":"Set de 10 Cucharas Salseras de Madera -","isPartOf":{"@id":"https:\/\/teterete.com\/mx\/#website"},"primaryImageOfPage":{"@id":"https:\/\/teterete.com\/mx\/producto\/set-de-10-cucharas-salseras-de-madera\/#primaryimage"},"image":{"@id":"https:\/\/teterete.com\/mx\/producto\/set-de-10-cucharas-salseras-de-madera\/#primaryimage"},"thumbnailUrl":"https:\/\/teterete.com\/mx\/wp-content\/uploads\/2021\/06\/cucharas-de-madera.jpeg","datePublished":"2021-06-18T18:44:42+00:00","dateModified":"2025-09-22T18:07:34+00:00","breadcrumb":{"@id":"https:\/\/teterete.com\/mx\/producto\/set-de-10-cucharas-salseras-de-madera\/#breadcrumb"},"inLanguage":"es","potentialAction":[{"@type":"ReadAction","target":["https:\/\/teterete.com\/mx\/producto\/set-de-10-cucharas-salseras-de-madera\/"]}]},{"@type":"ImageObject","inLanguage":"es","@id":"https:\/\/teterete.com\/mx\/producto\/set-de-10-cucharas-salseras-de-madera\/#primaryimage","url":"https:\/\/teterete.com\/mx\/wp-content\/uploads\/2021\/06\/cucharas-de-madera.jpeg","contentUrl":"https:\/\/teterete.com\/mx\/wp-content\/uploads\/2021\/06\/cucharas-de-madera.jpeg","width":1280,"height":1280,"caption":"Cucharas de Madera"},{"@type":"BreadcrumbList","@id":"https:\/\/teterete.com\/mx\/producto\/set-de-10-cucharas-salseras-de-madera\/#breadcrumb","itemListElement":[{"@type":"ListItem","position":1,"name":"Home","item":"https:\/\/teterete.com\/mx\/"},{"@type":"ListItem","position":2,"name":"Productos","item":"https:\/\/teterete.com\/mx\/shop\/"},{"@type":"ListItem","position":3,"name":"Set de 10 Cucharas Salseras de Madera"}]},{"@type":"WebSite","@id":"https:\/\/teterete.com\/mx\/#website","url":"https:\/\/teterete.com\/mx\/","name":"","description":"Tienda en L\u00ednea de Fina Artesanias y Dise\u00f1o Mexicano. Bellas piezas elaboradas a mano por los mejores artesanos del pa\u00eds as\u00ed como piezas de dise\u00f1o y decoraci\u00f3n con inspiraci\u00f3n artesanal.","potentialAction":[{"@type":"SearchAction","target":{"@type":"EntryPoint","urlTemplate":"https:\/\/teterete.com\/mx\/?s={search_term_string}"},"query-input":{"@type":"PropertyValueSpecification","valueRequired":true,"valueName":"search_term_string"}}],"inLanguage":"es"}]}},"_links":{"self":[{"href":"https:\/\/teterete.com\/mx\/wp-json\/wp\/v2\/product\/9710","targetHints":{"allow":["GET"]}}],"collection":[{"href":"https:\/\/teterete.com\/mx\/wp-json\/wp\/v2\/product"}],"about":[{"href":"https:\/\/teterete.com\/mx\/wp-json\/wp\/v2\/types\/product"}],"replies":[{"embeddable":true,"href":"https:\/\/teterete.com\/mx\/wp-json\/wp\/v2\/comments?post=9710"}],"wp:featuredmedia":[{"embeddable":true,"href":"https:\/\/teterete.com\/mx\/wp-json\/wp\/v2\/media\/9711"}],"wp:attachment":[{"href":"https:\/\/teterete.com\/mx\/wp-json\/wp\/v2\/media?parent=9710"}],"wp:term":[{"taxonomy":"product_brand","embeddable":true,"href":"https:\/\/teterete.com\/mx\/wp-json\/wp\/v2\/product_brand?post=9710"},{"taxonomy":"product_cat","embeddable":true,"href":"https:\/\/teterete.com\/mx\/wp-json\/wp\/v2\/product_cat?post=9710"},{"taxonomy":"product_tag","embeddable":true,"href":"https:\/\/teterete.com\/mx\/wp-json\/wp\/v2\/product_tag?post=9710"}],"curies":[{"name":"wp","href":"https:\/\/api.w.org\/{rel}","templated":true}]}}