{"id":9713,"date":"2021-06-18T18:44:51","date_gmt":"2021-06-18T18:44:51","guid":{"rendered":"https:\/\/teterete.com\/mx\/?post_type=product&#038;p=9713"},"modified":"2021-12-28T22:15:13","modified_gmt":"2021-12-28T22:15:13","slug":"set-de-3-salseros-con-cucharas-y-base","status":"publish","type":"product","link":"https:\/\/teterete.com\/mx\/producto\/set-de-3-salseros-con-cucharas-y-base\/","title":{"rendered":"Set de 3 Salseros con Cucharas y Base"},"content":{"rendered":"<p>Medidas:<\/p>\n<p>Salseros: 7. 5 x 6.5 cms de alto<\/p>\n<p>Cucharas: 12 cms de largo<\/p>\n<p>Base: 25 cms de largo x 9 cms de ancho<\/p>\n<p>Material: Madera de Guayabillo y Marmolina (M\u00e1rmol y Resina)<\/p>\n<p>Hechas a Mano por artesanos de Guerrero<\/p>\n<p>&nbsp;<\/p>\n","protected":false},"excerpt":{"rendered":"<p>Set de salseros elaborados a mano por artesanos mexicanos. Hechos de marmolina y madera de guayabillo. Incluye, base, cucharitas y 3 salseros.<\/p>\n","protected":false},"featured_media":9714,"comment_status":"open","ping_status":"closed","template":"","meta":{"sfsi_plus_gutenberg_text_before_share":"","sfsi_plus_gutenberg_show_text_before_share":"","sfsi_plus_gutenberg_icon_type":"","sfsi_plus_gutenberg_icon_alignemt":"","sfsi_plus_gutenburg_max_per_row":""},"product_cat":[1584,15,338,346],"product_tag":[2128,2127,2129],"acf":[],"yoast_head":"<!-- This site is optimized with the Yoast SEO plugin v23.5 - https:\/\/yoast.com\/wordpress\/plugins\/seo\/ -->\n<title>Set de 3 Salseros con Cucharas y Base -<\/title>\n<meta name=\"robots\" content=\"index, follow, max-snippet:-1, max-image-preview:large, max-video-preview:-1\" \/>\n<link rel=\"canonical\" href=\"https:\/\/teterete.com\/mx\/producto\/set-de-3-salseros-con-cucharas-y-base\/\" \/>\n<meta property=\"og:locale\" content=\"es_ES\" \/>\n<meta property=\"og:type\" content=\"article\" \/>\n<meta property=\"og:title\" content=\"Set de 3 Salseros con Cucharas y Base -\" \/>\n<meta property=\"og:description\" content=\"Set de salseros elaborados a mano por artesanos mexicanos. Hechos de marmolina y madera de guayabillo. Incluye, base, cucharitas y 3 salseros.\" \/>\n<meta property=\"og:url\" content=\"https:\/\/teterete.com\/mx\/producto\/set-de-3-salseros-con-cucharas-y-base\/\" \/>\n<meta property=\"article:publisher\" content=\"https:\/\/www.facebook.com\/TetereteHome\/\" \/>\n<meta property=\"article:modified_time\" content=\"2021-12-28T22:15:13+00:00\" \/>\n<meta property=\"og:image\" content=\"https:\/\/teterete.com\/mx\/wp-content\/uploads\/2021\/06\/salseros.jpeg\" \/>\n\t<meta property=\"og:image:width\" content=\"1280\" \/>\n\t<meta property=\"og:image:height\" content=\"1280\" \/>\n\t<meta property=\"og:image:type\" content=\"image\/jpeg\" \/>\n<meta name=\"twitter:card\" content=\"summary_large_image\" \/>\n<meta name=\"twitter:site\" content=\"@Teterete_Home\" \/>\n<script type=\"application\/ld+json\" class=\"yoast-schema-graph\">{\"@context\":\"https:\/\/schema.org\",\"@graph\":[{\"@type\":\"WebPage\",\"@id\":\"https:\/\/teterete.com\/mx\/producto\/set-de-3-salseros-con-cucharas-y-base\/\",\"url\":\"https:\/\/teterete.com\/mx\/producto\/set-de-3-salseros-con-cucharas-y-base\/\",\"name\":\"Set de 3 Salseros con Cucharas y Base -\",\"isPartOf\":{\"@id\":\"https:\/\/teterete.com\/mx\/#website\"},\"primaryImageOfPage\":{\"@id\":\"https:\/\/teterete.com\/mx\/producto\/set-de-3-salseros-con-cucharas-y-base\/#primaryimage\"},\"image\":{\"@id\":\"https:\/\/teterete.com\/mx\/producto\/set-de-3-salseros-con-cucharas-y-base\/#primaryimage\"},\"thumbnailUrl\":\"https:\/\/teterete.com\/mx\/wp-content\/uploads\/2021\/06\/salseros.jpeg\",\"datePublished\":\"2021-06-18T18:44:51+00:00\",\"dateModified\":\"2021-12-28T22:15:13+00:00\",\"breadcrumb\":{\"@id\":\"https:\/\/teterete.com\/mx\/producto\/set-de-3-salseros-con-cucharas-y-base\/#breadcrumb\"},\"inLanguage\":\"es\",\"potentialAction\":[{\"@type\":\"ReadAction\",\"target\":[\"https:\/\/teterete.com\/mx\/producto\/set-de-3-salseros-con-cucharas-y-base\/\"]}]},{\"@type\":\"ImageObject\",\"inLanguage\":\"es\",\"@id\":\"https:\/\/teterete.com\/mx\/producto\/set-de-3-salseros-con-cucharas-y-base\/#primaryimage\",\"url\":\"https:\/\/teterete.com\/mx\/wp-content\/uploads\/2021\/06\/salseros.jpeg\",\"contentUrl\":\"https:\/\/teterete.com\/mx\/wp-content\/uploads\/2021\/06\/salseros.jpeg\",\"width\":\"1280\",\"height\":\"1280\",\"caption\":\"Salseros\"},{\"@type\":\"BreadcrumbList\",\"@id\":\"https:\/\/teterete.com\/mx\/producto\/set-de-3-salseros-con-cucharas-y-base\/#breadcrumb\",\"itemListElement\":[{\"@type\":\"ListItem\",\"position\":1,\"name\":\"Home\",\"item\":\"https:\/\/teterete.com\/mx\/\"},{\"@type\":\"ListItem\",\"position\":2,\"name\":\"Productos\",\"item\":\"https:\/\/teterete.com\/mx\/shop\/\"},{\"@type\":\"ListItem\",\"position\":3,\"name\":\"Set de 3 Salseros con Cucharas y Base\"}]},{\"@type\":\"WebSite\",\"@id\":\"https:\/\/teterete.com\/mx\/#website\",\"url\":\"https:\/\/teterete.com\/mx\/\",\"name\":\"\",\"description\":\"Tienda en L\u00ednea de Fina Artesanias y Dise\u00f1o Mexicano. Bellas piezas elaboradas a mano por los mejores artesanos del pa\u00eds as\u00ed como piezas de dise\u00f1o y decoraci\u00f3n con inspiraci\u00f3n artesanal.\",\"potentialAction\":[{\"@type\":\"SearchAction\",\"target\":{\"@type\":\"EntryPoint\",\"urlTemplate\":\"https:\/\/teterete.com\/mx\/?s={search_term_string}\"},\"query-input\":{\"@type\":\"PropertyValueSpecification\",\"valueRequired\":true,\"valueName\":\"search_term_string\"}}],\"inLanguage\":\"es\"}]}<\/script>\n<!-- \/ Yoast SEO plugin. -->","yoast_head_json":{"title":"Set de 3 Salseros con Cucharas y Base -","robots":{"index":"index","follow":"follow","max-snippet":"max-snippet:-1","max-image-preview":"max-image-preview:large","max-video-preview":"max-video-preview:-1"},"canonical":"https:\/\/teterete.com\/mx\/producto\/set-de-3-salseros-con-cucharas-y-base\/","og_locale":"es_ES","og_type":"article","og_title":"Set de 3 Salseros con Cucharas y Base -","og_description":"Set de salseros elaborados a mano por artesanos mexicanos. Hechos de marmolina y madera de guayabillo. Incluye, base, cucharitas y 3 salseros.","og_url":"https:\/\/teterete.com\/mx\/producto\/set-de-3-salseros-con-cucharas-y-base\/","article_publisher":"https:\/\/www.facebook.com\/TetereteHome\/","article_modified_time":"2021-12-28T22:15:13+00:00","og_image":[{"width":1280,"height":1280,"url":"https:\/\/teterete.com\/mx\/wp-content\/uploads\/2021\/06\/salseros.jpeg","type":"image\/jpeg"}],"twitter_card":"summary_large_image","twitter_site":"@Teterete_Home","schema":{"@context":"https:\/\/schema.org","@graph":[{"@type":"WebPage","@id":"https:\/\/teterete.com\/mx\/producto\/set-de-3-salseros-con-cucharas-y-base\/","url":"https:\/\/teterete.com\/mx\/producto\/set-de-3-salseros-con-cucharas-y-base\/","name":"Set de 3 Salseros con Cucharas y Base -","isPartOf":{"@id":"https:\/\/teterete.com\/mx\/#website"},"primaryImageOfPage":{"@id":"https:\/\/teterete.com\/mx\/producto\/set-de-3-salseros-con-cucharas-y-base\/#primaryimage"},"image":{"@id":"https:\/\/teterete.com\/mx\/producto\/set-de-3-salseros-con-cucharas-y-base\/#primaryimage"},"thumbnailUrl":"https:\/\/teterete.com\/mx\/wp-content\/uploads\/2021\/06\/salseros.jpeg","datePublished":"2021-06-18T18:44:51+00:00","dateModified":"2021-12-28T22:15:13+00:00","breadcrumb":{"@id":"https:\/\/teterete.com\/mx\/producto\/set-de-3-salseros-con-cucharas-y-base\/#breadcrumb"},"inLanguage":"es","potentialAction":[{"@type":"ReadAction","target":["https:\/\/teterete.com\/mx\/producto\/set-de-3-salseros-con-cucharas-y-base\/"]}]},{"@type":"ImageObject","inLanguage":"es","@id":"https:\/\/teterete.com\/mx\/producto\/set-de-3-salseros-con-cucharas-y-base\/#primaryimage","url":"https:\/\/teterete.com\/mx\/wp-content\/uploads\/2021\/06\/salseros.jpeg","contentUrl":"https:\/\/teterete.com\/mx\/wp-content\/uploads\/2021\/06\/salseros.jpeg","width":"1280","height":"1280","caption":"Salseros"},{"@type":"BreadcrumbList","@id":"https:\/\/teterete.com\/mx\/producto\/set-de-3-salseros-con-cucharas-y-base\/#breadcrumb","itemListElement":[{"@type":"ListItem","position":1,"name":"Home","item":"https:\/\/teterete.com\/mx\/"},{"@type":"ListItem","position":2,"name":"Productos","item":"https:\/\/teterete.com\/mx\/shop\/"},{"@type":"ListItem","position":3,"name":"Set de 3 Salseros con Cucharas y Base"}]},{"@type":"WebSite","@id":"https:\/\/teterete.com\/mx\/#website","url":"https:\/\/teterete.com\/mx\/","name":"","description":"Tienda en L\u00ednea de Fina Artesanias y Dise\u00f1o Mexicano. Bellas piezas elaboradas a mano por los mejores artesanos del pa\u00eds as\u00ed como piezas de dise\u00f1o y decoraci\u00f3n con inspiraci\u00f3n artesanal.","potentialAction":[{"@type":"SearchAction","target":{"@type":"EntryPoint","urlTemplate":"https:\/\/teterete.com\/mx\/?s={search_term_string}"},"query-input":{"@type":"PropertyValueSpecification","valueRequired":true,"valueName":"search_term_string"}}],"inLanguage":"es"}]}},"_links":{"self":[{"href":"https:\/\/teterete.com\/mx\/wp-json\/wp\/v2\/product\/9713"}],"collection":[{"href":"https:\/\/teterete.com\/mx\/wp-json\/wp\/v2\/product"}],"about":[{"href":"https:\/\/teterete.com\/mx\/wp-json\/wp\/v2\/types\/product"}],"replies":[{"embeddable":true,"href":"https:\/\/teterete.com\/mx\/wp-json\/wp\/v2\/comments?post=9713"}],"wp:featuredmedia":[{"embeddable":true,"href":"https:\/\/teterete.com\/mx\/wp-json\/wp\/v2\/media\/9714"}],"wp:attachment":[{"href":"https:\/\/teterete.com\/mx\/wp-json\/wp\/v2\/media?parent=9713"}],"wp:term":[{"taxonomy":"product_cat","embeddable":true,"href":"https:\/\/teterete.com\/mx\/wp-json\/wp\/v2\/product_cat?post=9713"},{"taxonomy":"product_tag","embeddable":true,"href":"https:\/\/teterete.com\/mx\/wp-json\/wp\/v2\/product_tag?post=9713"}],"curies":[{"name":"wp","href":"https:\/\/api.w.org\/{rel}","templated":true}]}}