{"id":9715,"date":"2021-06-18T19:08:46","date_gmt":"2021-06-18T19:08:46","guid":{"rendered":"https:\/\/teterete.com\/mx\/?post_type=product&#038;p=9715"},"modified":"2023-11-06T17:59:19","modified_gmt":"2023-11-06T17:59:19","slug":"plato-de-madera-para-platillos-salados-o-dulces","status":"publish","type":"product","link":"https:\/\/teterete.com\/mx\/producto\/plato-de-madera-para-platillos-salados-o-dulces\/","title":{"rendered":"Plato de Madera para Platillos Salados o Dulces"},"content":{"rendered":"<p>Medidas: 30 cms de di\u00e1metro por 3 cms de grueso<\/p>\n<p>Material: Mesquite<\/p>\n<p>Hechas a Mano por artesanos de San luis Potos\u00ed<\/p>\n<p>**Piezas sobre pedido<\/p>\n<p>&nbsp;<\/p>\n","protected":false},"excerpt":{"rendered":"<p>Plato de Madera para Cortes o Platillos. Hecho artesanalmente por artesanos mexicanos, ideal para restaurantes.<\/p>\n","protected":false},"featured_media":9716,"comment_status":"open","ping_status":"closed","template":"","meta":{"sfsi_plus_gutenberg_text_before_share":"","sfsi_plus_gutenberg_show_text_before_share":"","sfsi_plus_gutenberg_icon_type":"","sfsi_plus_gutenberg_icon_alignemt":"","sfsi_plus_gutenburg_max_per_row":""},"product_cat":[1584,346,60],"product_tag":[1581,2123,2125,2124],"acf":[],"yoast_head":"<!-- This site is optimized with the Yoast SEO plugin v23.5 - https:\/\/yoast.com\/wordpress\/plugins\/seo\/ -->\n<title>Plato de Madera para Platillos Salados o Dulces -<\/title>\n<meta name=\"description\" content=\"Plato de Madera para Cortes o Platillos. Hecho artesanalmente por artesanos mexicanos, ideal para restaurantes.\" \/>\n<meta name=\"robots\" content=\"index, follow, max-snippet:-1, max-image-preview:large, max-video-preview:-1\" \/>\n<link rel=\"canonical\" href=\"https:\/\/teterete.com\/mx\/producto\/plato-de-madera-para-platillos-salados-o-dulces\/\" \/>\n<meta property=\"og:locale\" content=\"es_ES\" \/>\n<meta property=\"og:type\" content=\"article\" \/>\n<meta property=\"og:title\" content=\"Plato de Madera para Platillos Salados o Dulces -\" \/>\n<meta property=\"og:description\" content=\"Plato de Madera para Cortes o Platillos. Hecho artesanalmente por artesanos mexicanos, ideal para restaurantes.\" \/>\n<meta property=\"og:url\" content=\"https:\/\/teterete.com\/mx\/producto\/plato-de-madera-para-platillos-salados-o-dulces\/\" \/>\n<meta property=\"article:publisher\" content=\"https:\/\/www.facebook.com\/TetereteHome\/\" \/>\n<meta property=\"article:modified_time\" content=\"2023-11-06T17:59:19+00:00\" \/>\n<meta property=\"og:image\" content=\"https:\/\/teterete.com\/mx\/wp-content\/uploads\/2021\/06\/plato-de-madera.jpeg\" \/>\n\t<meta property=\"og:image:width\" content=\"1182\" \/>\n\t<meta property=\"og:image:height\" content=\"1186\" \/>\n\t<meta property=\"og:image:type\" content=\"image\/jpeg\" \/>\n<meta name=\"twitter:card\" content=\"summary_large_image\" \/>\n<meta name=\"twitter:site\" content=\"@Teterete_Home\" \/>\n<meta name=\"twitter:label1\" content=\"Tiempo de lectura\" \/>\n\t<meta name=\"twitter:data1\" content=\"1 minuto\" \/>\n<script type=\"application\/ld+json\" class=\"yoast-schema-graph\">{\"@context\":\"https:\/\/schema.org\",\"@graph\":[{\"@type\":\"WebPage\",\"@id\":\"https:\/\/teterete.com\/mx\/producto\/plato-de-madera-para-platillos-salados-o-dulces\/\",\"url\":\"https:\/\/teterete.com\/mx\/producto\/plato-de-madera-para-platillos-salados-o-dulces\/\",\"name\":\"Plato de Madera para Platillos Salados o Dulces -\",\"isPartOf\":{\"@id\":\"https:\/\/teterete.com\/mx\/#website\"},\"primaryImageOfPage\":{\"@id\":\"https:\/\/teterete.com\/mx\/producto\/plato-de-madera-para-platillos-salados-o-dulces\/#primaryimage\"},\"image\":{\"@id\":\"https:\/\/teterete.com\/mx\/producto\/plato-de-madera-para-platillos-salados-o-dulces\/#primaryimage\"},\"thumbnailUrl\":\"https:\/\/teterete.com\/mx\/wp-content\/uploads\/2021\/06\/plato-de-madera.jpeg\",\"datePublished\":\"2021-06-18T19:08:46+00:00\",\"dateModified\":\"2023-11-06T17:59:19+00:00\",\"description\":\"Plato de Madera para Cortes o Platillos. Hecho artesanalmente por artesanos mexicanos, ideal para restaurantes.\",\"breadcrumb\":{\"@id\":\"https:\/\/teterete.com\/mx\/producto\/plato-de-madera-para-platillos-salados-o-dulces\/#breadcrumb\"},\"inLanguage\":\"es\",\"potentialAction\":[{\"@type\":\"ReadAction\",\"target\":[\"https:\/\/teterete.com\/mx\/producto\/plato-de-madera-para-platillos-salados-o-dulces\/\"]}]},{\"@type\":\"ImageObject\",\"inLanguage\":\"es\",\"@id\":\"https:\/\/teterete.com\/mx\/producto\/plato-de-madera-para-platillos-salados-o-dulces\/#primaryimage\",\"url\":\"https:\/\/teterete.com\/mx\/wp-content\/uploads\/2021\/06\/plato-de-madera.jpeg\",\"contentUrl\":\"https:\/\/teterete.com\/mx\/wp-content\/uploads\/2021\/06\/plato-de-madera.jpeg\",\"width\":1182,\"height\":1186,\"caption\":\"Plato de Madera\"},{\"@type\":\"BreadcrumbList\",\"@id\":\"https:\/\/teterete.com\/mx\/producto\/plato-de-madera-para-platillos-salados-o-dulces\/#breadcrumb\",\"itemListElement\":[{\"@type\":\"ListItem\",\"position\":1,\"name\":\"Home\",\"item\":\"https:\/\/teterete.com\/mx\/\"},{\"@type\":\"ListItem\",\"position\":2,\"name\":\"Productos\",\"item\":\"https:\/\/teterete.com\/mx\/shop\/\"},{\"@type\":\"ListItem\",\"position\":3,\"name\":\"Plato de Madera para Platillos Salados o Dulces\"}]},{\"@type\":\"WebSite\",\"@id\":\"https:\/\/teterete.com\/mx\/#website\",\"url\":\"https:\/\/teterete.com\/mx\/\",\"name\":\"\",\"description\":\"Tienda en L\u00ednea de Fina Artesanias y Dise\u00f1o Mexicano. Bellas piezas elaboradas a mano por los mejores artesanos del pa\u00eds as\u00ed como piezas de dise\u00f1o y decoraci\u00f3n con inspiraci\u00f3n artesanal.\",\"potentialAction\":[{\"@type\":\"SearchAction\",\"target\":{\"@type\":\"EntryPoint\",\"urlTemplate\":\"https:\/\/teterete.com\/mx\/?s={search_term_string}\"},\"query-input\":{\"@type\":\"PropertyValueSpecification\",\"valueRequired\":true,\"valueName\":\"search_term_string\"}}],\"inLanguage\":\"es\"}]}<\/script>\n<!-- \/ Yoast SEO plugin. -->","yoast_head_json":{"title":"Plato de Madera para Platillos Salados o Dulces -","description":"Plato de Madera para Cortes o Platillos. Hecho artesanalmente por artesanos mexicanos, ideal para restaurantes.","robots":{"index":"index","follow":"follow","max-snippet":"max-snippet:-1","max-image-preview":"max-image-preview:large","max-video-preview":"max-video-preview:-1"},"canonical":"https:\/\/teterete.com\/mx\/producto\/plato-de-madera-para-platillos-salados-o-dulces\/","og_locale":"es_ES","og_type":"article","og_title":"Plato de Madera para Platillos Salados o Dulces -","og_description":"Plato de Madera para Cortes o Platillos. Hecho artesanalmente por artesanos mexicanos, ideal para restaurantes.","og_url":"https:\/\/teterete.com\/mx\/producto\/plato-de-madera-para-platillos-salados-o-dulces\/","article_publisher":"https:\/\/www.facebook.com\/TetereteHome\/","article_modified_time":"2023-11-06T17:59:19+00:00","og_image":[{"width":1182,"height":1186,"url":"https:\/\/teterete.com\/mx\/wp-content\/uploads\/2021\/06\/plato-de-madera.jpeg","type":"image\/jpeg"}],"twitter_card":"summary_large_image","twitter_site":"@Teterete_Home","twitter_misc":{"Tiempo de lectura":"1 minuto"},"schema":{"@context":"https:\/\/schema.org","@graph":[{"@type":"WebPage","@id":"https:\/\/teterete.com\/mx\/producto\/plato-de-madera-para-platillos-salados-o-dulces\/","url":"https:\/\/teterete.com\/mx\/producto\/plato-de-madera-para-platillos-salados-o-dulces\/","name":"Plato de Madera para Platillos Salados o Dulces -","isPartOf":{"@id":"https:\/\/teterete.com\/mx\/#website"},"primaryImageOfPage":{"@id":"https:\/\/teterete.com\/mx\/producto\/plato-de-madera-para-platillos-salados-o-dulces\/#primaryimage"},"image":{"@id":"https:\/\/teterete.com\/mx\/producto\/plato-de-madera-para-platillos-salados-o-dulces\/#primaryimage"},"thumbnailUrl":"https:\/\/teterete.com\/mx\/wp-content\/uploads\/2021\/06\/plato-de-madera.jpeg","datePublished":"2021-06-18T19:08:46+00:00","dateModified":"2023-11-06T17:59:19+00:00","description":"Plato de Madera para Cortes o Platillos. Hecho artesanalmente por artesanos mexicanos, ideal para restaurantes.","breadcrumb":{"@id":"https:\/\/teterete.com\/mx\/producto\/plato-de-madera-para-platillos-salados-o-dulces\/#breadcrumb"},"inLanguage":"es","potentialAction":[{"@type":"ReadAction","target":["https:\/\/teterete.com\/mx\/producto\/plato-de-madera-para-platillos-salados-o-dulces\/"]}]},{"@type":"ImageObject","inLanguage":"es","@id":"https:\/\/teterete.com\/mx\/producto\/plato-de-madera-para-platillos-salados-o-dulces\/#primaryimage","url":"https:\/\/teterete.com\/mx\/wp-content\/uploads\/2021\/06\/plato-de-madera.jpeg","contentUrl":"https:\/\/teterete.com\/mx\/wp-content\/uploads\/2021\/06\/plato-de-madera.jpeg","width":1182,"height":1186,"caption":"Plato de Madera"},{"@type":"BreadcrumbList","@id":"https:\/\/teterete.com\/mx\/producto\/plato-de-madera-para-platillos-salados-o-dulces\/#breadcrumb","itemListElement":[{"@type":"ListItem","position":1,"name":"Home","item":"https:\/\/teterete.com\/mx\/"},{"@type":"ListItem","position":2,"name":"Productos","item":"https:\/\/teterete.com\/mx\/shop\/"},{"@type":"ListItem","position":3,"name":"Plato de Madera para Platillos Salados o Dulces"}]},{"@type":"WebSite","@id":"https:\/\/teterete.com\/mx\/#website","url":"https:\/\/teterete.com\/mx\/","name":"","description":"Tienda en L\u00ednea de Fina Artesanias y Dise\u00f1o Mexicano. Bellas piezas elaboradas a mano por los mejores artesanos del pa\u00eds as\u00ed como piezas de dise\u00f1o y decoraci\u00f3n con inspiraci\u00f3n artesanal.","potentialAction":[{"@type":"SearchAction","target":{"@type":"EntryPoint","urlTemplate":"https:\/\/teterete.com\/mx\/?s={search_term_string}"},"query-input":{"@type":"PropertyValueSpecification","valueRequired":true,"valueName":"search_term_string"}}],"inLanguage":"es"}]}},"_links":{"self":[{"href":"https:\/\/teterete.com\/mx\/wp-json\/wp\/v2\/product\/9715"}],"collection":[{"href":"https:\/\/teterete.com\/mx\/wp-json\/wp\/v2\/product"}],"about":[{"href":"https:\/\/teterete.com\/mx\/wp-json\/wp\/v2\/types\/product"}],"replies":[{"embeddable":true,"href":"https:\/\/teterete.com\/mx\/wp-json\/wp\/v2\/comments?post=9715"}],"wp:featuredmedia":[{"embeddable":true,"href":"https:\/\/teterete.com\/mx\/wp-json\/wp\/v2\/media\/9716"}],"wp:attachment":[{"href":"https:\/\/teterete.com\/mx\/wp-json\/wp\/v2\/media?parent=9715"}],"wp:term":[{"taxonomy":"product_cat","embeddable":true,"href":"https:\/\/teterete.com\/mx\/wp-json\/wp\/v2\/product_cat?post=9715"},{"taxonomy":"product_tag","embeddable":true,"href":"https:\/\/teterete.com\/mx\/wp-json\/wp\/v2\/product_tag?post=9715"}],"curies":[{"name":"wp","href":"https:\/\/api.w.org\/{rel}","templated":true}]}}