{"id":9765,"date":"2021-06-29T16:10:41","date_gmt":"2021-06-29T16:10:41","guid":{"rendered":"https:\/\/teterete.com\/mx\/?post_type=product&#038;p=9765"},"modified":"2021-07-04T15:30:56","modified_gmt":"2021-07-04T15:30:56","slug":"silla-concha-bidoola-vinil","status":"publish","type":"product","link":"https:\/\/teterete.com\/mx\/producto\/silla-concha-bidoola-vinil\/","title":{"rendered":"Silla Concha Bidoola Vinil"},"content":{"rendered":"<p>Concha Bidoola Vinil<\/p>\n<p>84 x 80 x 74 cm.<span class=\"Apple-converted-space\">\u00a0<\/span><\/p>\n<p>11.2 kg.<span class=\"Apple-converted-space\">\u00a0<\/span><\/p>\n<p>Uso Exterior Sombra<span class=\"Apple-converted-space\">\u00a0<\/span><\/p>\n<p>**Estas piezas son sobre pedido y el tiempo de entrega es de 6 a 8 semanas.<\/p>\n","protected":false},"excerpt":{"rendered":"<p>Hermosas piezas elaboradas a mano en Oaxaca bajo el dise\u00f1o y supervisi\u00f3n de Guibani. Luce tu terraza con estas cl\u00e1sicas sillas mexicanas bajo un nuevo dise\u00f1o contempor\u00e1neo.<\/p>\n","protected":false},"featured_media":9766,"comment_status":"open","ping_status":"closed","template":"","meta":{"sfsi_plus_gutenberg_text_before_share":"","sfsi_plus_gutenberg_show_text_before_share":"","sfsi_plus_gutenberg_icon_type":"","sfsi_plus_gutenberg_icon_alignemt":"","sfsi_plus_gutenburg_max_per_row":""},"product_cat":[2137,1842,2080,682],"product_tag":[806,1750,2139,1456,2138],"acf":[],"yoast_head":"<!-- This site is optimized with the Yoast SEO plugin v23.5 - https:\/\/yoast.com\/wordpress\/plugins\/seo\/ -->\n<title>Silla Concha Bidoola Vinil -<\/title>\n<meta name=\"robots\" content=\"index, follow, max-snippet:-1, max-image-preview:large, max-video-preview:-1\" \/>\n<link rel=\"canonical\" href=\"https:\/\/teterete.com\/mx\/producto\/silla-concha-bidoola-vinil\/\" \/>\n<meta property=\"og:locale\" content=\"es_ES\" \/>\n<meta property=\"og:type\" content=\"article\" \/>\n<meta property=\"og:title\" content=\"Silla Concha Bidoola Vinil -\" \/>\n<meta property=\"og:description\" content=\"Hermosas piezas elaboradas a mano en Oaxaca bajo el dise\u00f1o y supervisi\u00f3n de Guibani. Luce tu terraza con estas cl\u00e1sicas sillas mexicanas bajo un nuevo dise\u00f1o contempor\u00e1neo.\" \/>\n<meta property=\"og:url\" content=\"https:\/\/teterete.com\/mx\/producto\/silla-concha-bidoola-vinil\/\" \/>\n<meta property=\"article:publisher\" content=\"https:\/\/www.facebook.com\/TetereteHome\/\" \/>\n<meta property=\"article:modified_time\" content=\"2021-07-04T15:30:56+00:00\" \/>\n<meta property=\"og:image\" content=\"https:\/\/teterete.com\/mx\/wp-content\/uploads\/2021\/06\/silla-aguacate.jpeg\" \/>\n\t<meta property=\"og:image:width\" content=\"580\" \/>\n\t<meta property=\"og:image:height\" content=\"580\" \/>\n\t<meta property=\"og:image:type\" content=\"image\/jpeg\" \/>\n<meta name=\"twitter:card\" content=\"summary_large_image\" \/>\n<meta name=\"twitter:site\" content=\"@Teterete_Home\" \/>\n<script type=\"application\/ld+json\" class=\"yoast-schema-graph\">{\"@context\":\"https:\/\/schema.org\",\"@graph\":[{\"@type\":\"WebPage\",\"@id\":\"https:\/\/teterete.com\/mx\/producto\/silla-concha-bidoola-vinil\/\",\"url\":\"https:\/\/teterete.com\/mx\/producto\/silla-concha-bidoola-vinil\/\",\"name\":\"Silla Concha Bidoola Vinil -\",\"isPartOf\":{\"@id\":\"https:\/\/teterete.com\/mx\/#website\"},\"primaryImageOfPage\":{\"@id\":\"https:\/\/teterete.com\/mx\/producto\/silla-concha-bidoola-vinil\/#primaryimage\"},\"image\":{\"@id\":\"https:\/\/teterete.com\/mx\/producto\/silla-concha-bidoola-vinil\/#primaryimage\"},\"thumbnailUrl\":\"https:\/\/teterete.com\/mx\/wp-content\/uploads\/2021\/06\/silla-aguacate.jpeg\",\"datePublished\":\"2021-06-29T16:10:41+00:00\",\"dateModified\":\"2021-07-04T15:30:56+00:00\",\"breadcrumb\":{\"@id\":\"https:\/\/teterete.com\/mx\/producto\/silla-concha-bidoola-vinil\/#breadcrumb\"},\"inLanguage\":\"es\",\"potentialAction\":[{\"@type\":\"ReadAction\",\"target\":[\"https:\/\/teterete.com\/mx\/producto\/silla-concha-bidoola-vinil\/\"]}]},{\"@type\":\"ImageObject\",\"inLanguage\":\"es\",\"@id\":\"https:\/\/teterete.com\/mx\/producto\/silla-concha-bidoola-vinil\/#primaryimage\",\"url\":\"https:\/\/teterete.com\/mx\/wp-content\/uploads\/2021\/06\/silla-aguacate.jpeg\",\"contentUrl\":\"https:\/\/teterete.com\/mx\/wp-content\/uploads\/2021\/06\/silla-aguacate.jpeg\",\"width\":\"580\",\"height\":\"580\",\"caption\":\"Silla Concha Aguacate\"},{\"@type\":\"BreadcrumbList\",\"@id\":\"https:\/\/teterete.com\/mx\/producto\/silla-concha-bidoola-vinil\/#breadcrumb\",\"itemListElement\":[{\"@type\":\"ListItem\",\"position\":1,\"name\":\"Home\",\"item\":\"https:\/\/teterete.com\/mx\/\"},{\"@type\":\"ListItem\",\"position\":2,\"name\":\"Productos\",\"item\":\"https:\/\/teterete.com\/mx\/shop\/\"},{\"@type\":\"ListItem\",\"position\":3,\"name\":\"Silla Concha Bidoola Vinil\"}]},{\"@type\":\"WebSite\",\"@id\":\"https:\/\/teterete.com\/mx\/#website\",\"url\":\"https:\/\/teterete.com\/mx\/\",\"name\":\"\",\"description\":\"Tienda en L\u00ednea de Fina Artesanias y Dise\u00f1o Mexicano. Bellas piezas elaboradas a mano por los mejores artesanos del pa\u00eds as\u00ed como piezas de dise\u00f1o y decoraci\u00f3n con inspiraci\u00f3n artesanal.\",\"potentialAction\":[{\"@type\":\"SearchAction\",\"target\":{\"@type\":\"EntryPoint\",\"urlTemplate\":\"https:\/\/teterete.com\/mx\/?s={search_term_string}\"},\"query-input\":{\"@type\":\"PropertyValueSpecification\",\"valueRequired\":true,\"valueName\":\"search_term_string\"}}],\"inLanguage\":\"es\"}]}<\/script>\n<!-- \/ Yoast SEO plugin. -->","yoast_head_json":{"title":"Silla Concha Bidoola Vinil -","robots":{"index":"index","follow":"follow","max-snippet":"max-snippet:-1","max-image-preview":"max-image-preview:large","max-video-preview":"max-video-preview:-1"},"canonical":"https:\/\/teterete.com\/mx\/producto\/silla-concha-bidoola-vinil\/","og_locale":"es_ES","og_type":"article","og_title":"Silla Concha Bidoola Vinil -","og_description":"Hermosas piezas elaboradas a mano en Oaxaca bajo el dise\u00f1o y supervisi\u00f3n de Guibani. Luce tu terraza con estas cl\u00e1sicas sillas mexicanas bajo un nuevo dise\u00f1o contempor\u00e1neo.","og_url":"https:\/\/teterete.com\/mx\/producto\/silla-concha-bidoola-vinil\/","article_publisher":"https:\/\/www.facebook.com\/TetereteHome\/","article_modified_time":"2021-07-04T15:30:56+00:00","og_image":[{"width":580,"height":580,"url":"https:\/\/teterete.com\/mx\/wp-content\/uploads\/2021\/06\/silla-aguacate.jpeg","type":"image\/jpeg"}],"twitter_card":"summary_large_image","twitter_site":"@Teterete_Home","schema":{"@context":"https:\/\/schema.org","@graph":[{"@type":"WebPage","@id":"https:\/\/teterete.com\/mx\/producto\/silla-concha-bidoola-vinil\/","url":"https:\/\/teterete.com\/mx\/producto\/silla-concha-bidoola-vinil\/","name":"Silla Concha Bidoola Vinil -","isPartOf":{"@id":"https:\/\/teterete.com\/mx\/#website"},"primaryImageOfPage":{"@id":"https:\/\/teterete.com\/mx\/producto\/silla-concha-bidoola-vinil\/#primaryimage"},"image":{"@id":"https:\/\/teterete.com\/mx\/producto\/silla-concha-bidoola-vinil\/#primaryimage"},"thumbnailUrl":"https:\/\/teterete.com\/mx\/wp-content\/uploads\/2021\/06\/silla-aguacate.jpeg","datePublished":"2021-06-29T16:10:41+00:00","dateModified":"2021-07-04T15:30:56+00:00","breadcrumb":{"@id":"https:\/\/teterete.com\/mx\/producto\/silla-concha-bidoola-vinil\/#breadcrumb"},"inLanguage":"es","potentialAction":[{"@type":"ReadAction","target":["https:\/\/teterete.com\/mx\/producto\/silla-concha-bidoola-vinil\/"]}]},{"@type":"ImageObject","inLanguage":"es","@id":"https:\/\/teterete.com\/mx\/producto\/silla-concha-bidoola-vinil\/#primaryimage","url":"https:\/\/teterete.com\/mx\/wp-content\/uploads\/2021\/06\/silla-aguacate.jpeg","contentUrl":"https:\/\/teterete.com\/mx\/wp-content\/uploads\/2021\/06\/silla-aguacate.jpeg","width":"580","height":"580","caption":"Silla Concha Aguacate"},{"@type":"BreadcrumbList","@id":"https:\/\/teterete.com\/mx\/producto\/silla-concha-bidoola-vinil\/#breadcrumb","itemListElement":[{"@type":"ListItem","position":1,"name":"Home","item":"https:\/\/teterete.com\/mx\/"},{"@type":"ListItem","position":2,"name":"Productos","item":"https:\/\/teterete.com\/mx\/shop\/"},{"@type":"ListItem","position":3,"name":"Silla Concha Bidoola Vinil"}]},{"@type":"WebSite","@id":"https:\/\/teterete.com\/mx\/#website","url":"https:\/\/teterete.com\/mx\/","name":"","description":"Tienda en L\u00ednea de Fina Artesanias y Dise\u00f1o Mexicano. Bellas piezas elaboradas a mano por los mejores artesanos del pa\u00eds as\u00ed como piezas de dise\u00f1o y decoraci\u00f3n con inspiraci\u00f3n artesanal.","potentialAction":[{"@type":"SearchAction","target":{"@type":"EntryPoint","urlTemplate":"https:\/\/teterete.com\/mx\/?s={search_term_string}"},"query-input":{"@type":"PropertyValueSpecification","valueRequired":true,"valueName":"search_term_string"}}],"inLanguage":"es"}]}},"_links":{"self":[{"href":"https:\/\/teterete.com\/mx\/wp-json\/wp\/v2\/product\/9765"}],"collection":[{"href":"https:\/\/teterete.com\/mx\/wp-json\/wp\/v2\/product"}],"about":[{"href":"https:\/\/teterete.com\/mx\/wp-json\/wp\/v2\/types\/product"}],"replies":[{"embeddable":true,"href":"https:\/\/teterete.com\/mx\/wp-json\/wp\/v2\/comments?post=9765"}],"wp:featuredmedia":[{"embeddable":true,"href":"https:\/\/teterete.com\/mx\/wp-json\/wp\/v2\/media\/9766"}],"wp:attachment":[{"href":"https:\/\/teterete.com\/mx\/wp-json\/wp\/v2\/media?parent=9765"}],"wp:term":[{"taxonomy":"product_cat","embeddable":true,"href":"https:\/\/teterete.com\/mx\/wp-json\/wp\/v2\/product_cat?post=9765"},{"taxonomy":"product_tag","embeddable":true,"href":"https:\/\/teterete.com\/mx\/wp-json\/wp\/v2\/product_tag?post=9765"}],"curies":[{"name":"wp","href":"https:\/\/api.w.org\/{rel}","templated":true}]}}