{"id":9789,"date":"2021-07-04T16:41:20","date_gmt":"2021-07-04T16:41:20","guid":{"rendered":"https:\/\/teterete.com\/mx\/?post_type=product&#038;p=9789"},"modified":"2025-11-24T15:38:48","modified_gmt":"2025-11-24T15:38:48","slug":"curicaueri-sol-purepecha","status":"publish","type":"product","link":"https:\/\/teterete.com\/mx\/producto\/curicaueri-sol-purepecha\/","title":{"rendered":"Curicaueri Sol Pur\u00e9pecha"},"content":{"rendered":"<p>Material: Fibras vegetales, Popotillo. Tallo de trigo natural.<\/p>\n<p>Origen: Michoacan<\/p>\n<p>Maestro Artesano Antonio<\/p>\n<p>Medidas: 1 Metro de Di\u00e1metro<\/p>\n<p>**Piezas sobre pedido &#8211; tiempo aproximado de entrega 2 semanas.<\/p>\n","protected":false},"excerpt":{"rendered":"<p>El Sol muere todos los d\u00edas al ser vencido por la noche pero renace cada d\u00eda para llenarnos de energ\u00eda. Incluye esta joya artesanal mexicana en tu pared o espacio favorito. Elaborada a mano en Michoacan por el maestro artesano Antonio.<\/p>\n","protected":false},"featured_media":9795,"comment_status":"open","ping_status":"closed","template":"","meta":{"_acf_changed":false,"sfsi_plus_gutenberg_text_before_share":"","sfsi_plus_gutenberg_show_text_before_share":"","sfsi_plus_gutenberg_icon_type":"","sfsi_plus_gutenberg_icon_alignemt":"","sfsi_plus_gutenburg_max_per_row":""},"product_brand":[],"product_cat":[1832,1515,341,350,682],"product_tag":[236,222,804,2146],"class_list":{"0":"post-9789","1":"product","2":"type-product","3":"status-publish","4":"has-post-thumbnail","6":"product_cat-arte-mexicano","7":"product_cat-decoracion-pared","8":"product_cat-pared","9":"product_cat-piezas-unicas","10":"product_cat-terraza","11":"product_tag-arte-mexicano","12":"product_tag-artesania-mexicana","13":"product_tag-decoracion-pared","14":"product_tag-sol-artesanal","15":"product_shipping_class-big-size","17":"first","18":"instock","19":"taxable","20":"shipping-taxable","21":"purchasable","22":"product-type-simple"},"acf":[],"yoast_head":"<!-- This site is optimized with the Yoast SEO plugin v27.5 - https:\/\/yoast.com\/product\/yoast-seo-wordpress\/ -->\n<title>Curicaueri Sol Pur\u00e9pecha -<\/title>\n<meta name=\"description\" content=\"El Sol muere todos los d\u00edas al ser vencido por la noche pero renace cada d\u00eda para llenarnos de energ\u00eda. Incluye esta joya artesanal mexicana en tu pared o espacio favorito.\" \/>\n<meta name=\"robots\" content=\"index, follow, max-snippet:-1, max-image-preview:large, max-video-preview:-1\" \/>\n<link rel=\"canonical\" href=\"https:\/\/teterete.com\/mx\/producto\/curicaueri-sol-purepecha\/\" \/>\n<meta property=\"og:locale\" content=\"es_ES\" \/>\n<meta property=\"og:type\" content=\"article\" \/>\n<meta property=\"og:title\" content=\"Curicaueri Sol Pur\u00e9pecha -\" \/>\n<meta property=\"og:description\" content=\"El Sol muere todos los d\u00edas al ser vencido por la noche pero renace cada d\u00eda para llenarnos de energ\u00eda. Incluye esta joya artesanal mexicana en tu pared o espacio favorito.\" \/>\n<meta property=\"og:url\" content=\"https:\/\/teterete.com\/mx\/producto\/curicaueri-sol-purepecha\/\" \/>\n<meta property=\"article:publisher\" content=\"https:\/\/www.facebook.com\/TetereteHome\/\" \/>\n<meta property=\"article:modified_time\" content=\"2025-11-24T15:38:48+00:00\" \/>\n<meta property=\"og:image\" content=\"https:\/\/teterete.com\/mx\/wp-content\/uploads\/2021\/07\/arte-para-pared.jpeg\" \/>\n\t<meta property=\"og:image:width\" content=\"640\" \/>\n\t<meta property=\"og:image:height\" content=\"622\" \/>\n\t<meta property=\"og:image:type\" content=\"image\/jpeg\" \/>\n<meta name=\"twitter:card\" content=\"summary_large_image\" \/>\n<meta name=\"twitter:site\" content=\"@Teterete_Home\" \/>\n<meta name=\"twitter:label1\" content=\"Tiempo de lectura\" \/>\n\t<meta name=\"twitter:data1\" content=\"1 minuto\" \/>\n<script type=\"application\/ld+json\" class=\"yoast-schema-graph\">{\"@context\":\"https:\\\/\\\/schema.org\",\"@graph\":[{\"@type\":\"WebPage\",\"@id\":\"https:\\\/\\\/teterete.com\\\/mx\\\/producto\\\/curicaueri-sol-purepecha\\\/\",\"url\":\"https:\\\/\\\/teterete.com\\\/mx\\\/producto\\\/curicaueri-sol-purepecha\\\/\",\"name\":\"Curicaueri Sol Pur\u00e9pecha -\",\"isPartOf\":{\"@id\":\"https:\\\/\\\/teterete.com\\\/mx\\\/#website\"},\"primaryImageOfPage\":{\"@id\":\"https:\\\/\\\/teterete.com\\\/mx\\\/producto\\\/curicaueri-sol-purepecha\\\/#primaryimage\"},\"image\":{\"@id\":\"https:\\\/\\\/teterete.com\\\/mx\\\/producto\\\/curicaueri-sol-purepecha\\\/#primaryimage\"},\"thumbnailUrl\":\"https:\\\/\\\/teterete.com\\\/mx\\\/wp-content\\\/uploads\\\/2021\\\/07\\\/arte-para-pared.jpeg\",\"datePublished\":\"2021-07-04T16:41:20+00:00\",\"dateModified\":\"2025-11-24T15:38:48+00:00\",\"description\":\"El Sol muere todos los d\u00edas al ser vencido por la noche pero renace cada d\u00eda para llenarnos de energ\u00eda. Incluye esta joya artesanal mexicana en tu pared o espacio favorito.\",\"breadcrumb\":{\"@id\":\"https:\\\/\\\/teterete.com\\\/mx\\\/producto\\\/curicaueri-sol-purepecha\\\/#breadcrumb\"},\"inLanguage\":\"es\",\"potentialAction\":[{\"@type\":\"ReadAction\",\"target\":[\"https:\\\/\\\/teterete.com\\\/mx\\\/producto\\\/curicaueri-sol-purepecha\\\/\"]}]},{\"@type\":\"ImageObject\",\"inLanguage\":\"es\",\"@id\":\"https:\\\/\\\/teterete.com\\\/mx\\\/producto\\\/curicaueri-sol-purepecha\\\/#primaryimage\",\"url\":\"https:\\\/\\\/teterete.com\\\/mx\\\/wp-content\\\/uploads\\\/2021\\\/07\\\/arte-para-pared.jpeg\",\"contentUrl\":\"https:\\\/\\\/teterete.com\\\/mx\\\/wp-content\\\/uploads\\\/2021\\\/07\\\/arte-para-pared.jpeg\",\"width\":\"640\",\"height\":\"622\",\"caption\":\"Arte para Pared\"},{\"@type\":\"BreadcrumbList\",\"@id\":\"https:\\\/\\\/teterete.com\\\/mx\\\/producto\\\/curicaueri-sol-purepecha\\\/#breadcrumb\",\"itemListElement\":[{\"@type\":\"ListItem\",\"position\":1,\"name\":\"Home\",\"item\":\"https:\\\/\\\/teterete.com\\\/mx\\\/\"},{\"@type\":\"ListItem\",\"position\":2,\"name\":\"Productos\",\"item\":\"https:\\\/\\\/teterete.com\\\/mx\\\/shop\\\/\"},{\"@type\":\"ListItem\",\"position\":3,\"name\":\"Curicaueri Sol Pur\u00e9pecha\"}]},{\"@type\":\"WebSite\",\"@id\":\"https:\\\/\\\/teterete.com\\\/mx\\\/#website\",\"url\":\"https:\\\/\\\/teterete.com\\\/mx\\\/\",\"name\":\"\",\"description\":\"Tienda en L\u00ednea de Fina Artesanias y Dise\u00f1o Mexicano. Bellas piezas elaboradas a mano por los mejores artesanos del pa\u00eds as\u00ed como piezas de dise\u00f1o y decoraci\u00f3n con inspiraci\u00f3n artesanal.\",\"potentialAction\":[{\"@type\":\"SearchAction\",\"target\":{\"@type\":\"EntryPoint\",\"urlTemplate\":\"https:\\\/\\\/teterete.com\\\/mx\\\/?s={search_term_string}\"},\"query-input\":{\"@type\":\"PropertyValueSpecification\",\"valueRequired\":true,\"valueName\":\"search_term_string\"}}],\"inLanguage\":\"es\"}]}<\/script>\n<!-- \/ Yoast SEO plugin. -->","yoast_head_json":{"title":"Curicaueri Sol Pur\u00e9pecha -","description":"El Sol muere todos los d\u00edas al ser vencido por la noche pero renace cada d\u00eda para llenarnos de energ\u00eda. Incluye esta joya artesanal mexicana en tu pared o espacio favorito.","robots":{"index":"index","follow":"follow","max-snippet":"max-snippet:-1","max-image-preview":"max-image-preview:large","max-video-preview":"max-video-preview:-1"},"canonical":"https:\/\/teterete.com\/mx\/producto\/curicaueri-sol-purepecha\/","og_locale":"es_ES","og_type":"article","og_title":"Curicaueri Sol Pur\u00e9pecha -","og_description":"El Sol muere todos los d\u00edas al ser vencido por la noche pero renace cada d\u00eda para llenarnos de energ\u00eda. Incluye esta joya artesanal mexicana en tu pared o espacio favorito.","og_url":"https:\/\/teterete.com\/mx\/producto\/curicaueri-sol-purepecha\/","article_publisher":"https:\/\/www.facebook.com\/TetereteHome\/","article_modified_time":"2025-11-24T15:38:48+00:00","og_image":[{"width":640,"height":622,"url":"https:\/\/teterete.com\/mx\/wp-content\/uploads\/2021\/07\/arte-para-pared.jpeg","type":"image\/jpeg"}],"twitter_card":"summary_large_image","twitter_site":"@Teterete_Home","twitter_misc":{"Tiempo de lectura":"1 minuto"},"schema":{"@context":"https:\/\/schema.org","@graph":[{"@type":"WebPage","@id":"https:\/\/teterete.com\/mx\/producto\/curicaueri-sol-purepecha\/","url":"https:\/\/teterete.com\/mx\/producto\/curicaueri-sol-purepecha\/","name":"Curicaueri Sol Pur\u00e9pecha -","isPartOf":{"@id":"https:\/\/teterete.com\/mx\/#website"},"primaryImageOfPage":{"@id":"https:\/\/teterete.com\/mx\/producto\/curicaueri-sol-purepecha\/#primaryimage"},"image":{"@id":"https:\/\/teterete.com\/mx\/producto\/curicaueri-sol-purepecha\/#primaryimage"},"thumbnailUrl":"https:\/\/teterete.com\/mx\/wp-content\/uploads\/2021\/07\/arte-para-pared.jpeg","datePublished":"2021-07-04T16:41:20+00:00","dateModified":"2025-11-24T15:38:48+00:00","description":"El Sol muere todos los d\u00edas al ser vencido por la noche pero renace cada d\u00eda para llenarnos de energ\u00eda. Incluye esta joya artesanal mexicana en tu pared o espacio favorito.","breadcrumb":{"@id":"https:\/\/teterete.com\/mx\/producto\/curicaueri-sol-purepecha\/#breadcrumb"},"inLanguage":"es","potentialAction":[{"@type":"ReadAction","target":["https:\/\/teterete.com\/mx\/producto\/curicaueri-sol-purepecha\/"]}]},{"@type":"ImageObject","inLanguage":"es","@id":"https:\/\/teterete.com\/mx\/producto\/curicaueri-sol-purepecha\/#primaryimage","url":"https:\/\/teterete.com\/mx\/wp-content\/uploads\/2021\/07\/arte-para-pared.jpeg","contentUrl":"https:\/\/teterete.com\/mx\/wp-content\/uploads\/2021\/07\/arte-para-pared.jpeg","width":"640","height":"622","caption":"Arte para Pared"},{"@type":"BreadcrumbList","@id":"https:\/\/teterete.com\/mx\/producto\/curicaueri-sol-purepecha\/#breadcrumb","itemListElement":[{"@type":"ListItem","position":1,"name":"Home","item":"https:\/\/teterete.com\/mx\/"},{"@type":"ListItem","position":2,"name":"Productos","item":"https:\/\/teterete.com\/mx\/shop\/"},{"@type":"ListItem","position":3,"name":"Curicaueri Sol Pur\u00e9pecha"}]},{"@type":"WebSite","@id":"https:\/\/teterete.com\/mx\/#website","url":"https:\/\/teterete.com\/mx\/","name":"","description":"Tienda en L\u00ednea de Fina Artesanias y Dise\u00f1o Mexicano. Bellas piezas elaboradas a mano por los mejores artesanos del pa\u00eds as\u00ed como piezas de dise\u00f1o y decoraci\u00f3n con inspiraci\u00f3n artesanal.","potentialAction":[{"@type":"SearchAction","target":{"@type":"EntryPoint","urlTemplate":"https:\/\/teterete.com\/mx\/?s={search_term_string}"},"query-input":{"@type":"PropertyValueSpecification","valueRequired":true,"valueName":"search_term_string"}}],"inLanguage":"es"}]}},"_links":{"self":[{"href":"https:\/\/teterete.com\/mx\/wp-json\/wp\/v2\/product\/9789","targetHints":{"allow":["GET"]}}],"collection":[{"href":"https:\/\/teterete.com\/mx\/wp-json\/wp\/v2\/product"}],"about":[{"href":"https:\/\/teterete.com\/mx\/wp-json\/wp\/v2\/types\/product"}],"replies":[{"embeddable":true,"href":"https:\/\/teterete.com\/mx\/wp-json\/wp\/v2\/comments?post=9789"}],"wp:featuredmedia":[{"embeddable":true,"href":"https:\/\/teterete.com\/mx\/wp-json\/wp\/v2\/media\/9795"}],"wp:attachment":[{"href":"https:\/\/teterete.com\/mx\/wp-json\/wp\/v2\/media?parent=9789"}],"wp:term":[{"taxonomy":"product_brand","embeddable":true,"href":"https:\/\/teterete.com\/mx\/wp-json\/wp\/v2\/product_brand?post=9789"},{"taxonomy":"product_cat","embeddable":true,"href":"https:\/\/teterete.com\/mx\/wp-json\/wp\/v2\/product_cat?post=9789"},{"taxonomy":"product_tag","embeddable":true,"href":"https:\/\/teterete.com\/mx\/wp-json\/wp\/v2\/product_tag?post=9789"}],"curies":[{"name":"wp","href":"https:\/\/api.w.org\/{rel}","templated":true}]}}