{"id":9821,"date":"2021-08-06T19:18:51","date_gmt":"2021-08-06T19:18:51","guid":{"rendered":"https:\/\/teterete.com\/mx\/?post_type=product&#038;p=9821"},"modified":"2025-11-07T14:46:16","modified_gmt":"2025-11-07T14:46:16","slug":"licorera-mexicana-pintada-a-mano","status":"publish","type":"product","link":"https:\/\/teterete.com\/mx\/producto\/licorera-mexicana-pintada-a-mano\/","title":{"rendered":"Licorera Calavera Pintada a Mano"},"content":{"rendered":"<p>Materiales: Licorera y caballitos de vidrio, cr\u00e1neo de barro. Pintura acr\u00edlica y barniz poli\u00e9ster. Cuenta con corcho herm\u00e9tico de barro.<\/p>\n<p>Capacidad: Caballitos 60ml y Licorera 750 ml.<\/p>\n<p>Peso: Set completo 1.2 kgs Licorera: 560 gr. Caballitos: 160gr.<\/p>\n<p>Hecho a mano por artesanos de Guerrero y MexSkeletons.<\/p>\n","protected":false},"excerpt":{"rendered":"<p>Licorera de calavera artesanal mexicana elaborada a mano por artesanos de Guerrero. El set incluye licorera en vidrio, craneo en barro y caballitos en vidrio todo pintado a mano.<\/p>\n","protected":false},"featured_media":9828,"comment_status":"open","ping_status":"closed","template":"","meta":{"_acf_changed":false,"sfsi_plus_gutenberg_text_before_share":"","sfsi_plus_gutenberg_show_text_before_share":"","sfsi_plus_gutenberg_icon_type":"","sfsi_plus_gutenberg_icon_alignemt":"","sfsi_plus_gutenburg_max_per_row":""},"product_brand":[],"product_cat":[1882,354,15,542,2322,61],"product_tag":[376,228,2149,2148,2150,2151],"class_list":{"0":"post-9821","1":"product","2":"type-product","3":"status-publish","4":"has-post-thumbnail","6":"product_cat-bar","7":"product_cat-barro-decorativo","8":"product_cat-ceramica","9":"product_cat-figurines_y_alebrijes","10":"product_cat-kist-artesanales","11":"product_cat-para_ella","12":"product_tag-artesanias-mexicanas","13":"product_tag-ceramica-mexicana","14":"product_tag-licorera-dia-de-muertos","15":"product_tag-licorera-mexicana","16":"product_tag-licorera-y-caballitos-mexicanos","17":"product_tag-set-para-bar","18":"product_shipping_class-standard","20":"first","21":"instock","22":"taxable","23":"shipping-taxable","24":"purchasable","25":"product-type-variable"},"acf":[],"yoast_head":"<!-- This site is optimized with the Yoast SEO plugin v27.5 - https:\/\/yoast.com\/product\/yoast-seo-wordpress\/ -->\n<title>Licorera Calavera Pintada a Mano -<\/title>\n<meta name=\"description\" content=\"Licorera de calavera artesanal mexicana elaborada a mano por artesanos de Guerrero. El set incluye licorera en vidrio, craneo en barro y caballitos\" \/>\n<meta name=\"robots\" content=\"index, follow, max-snippet:-1, max-image-preview:large, max-video-preview:-1\" \/>\n<link rel=\"canonical\" href=\"https:\/\/teterete.com\/mx\/producto\/licorera-mexicana-pintada-a-mano\/\" \/>\n<meta property=\"og:locale\" content=\"es_ES\" \/>\n<meta property=\"og:type\" content=\"article\" \/>\n<meta property=\"og:title\" content=\"Licorera Calavera Pintada a Mano -\" \/>\n<meta property=\"og:description\" content=\"Licorera de calavera artesanal mexicana elaborada a mano por artesanos de Guerrero. El set incluye licorera en vidrio, craneo en barro y caballitos\" \/>\n<meta property=\"og:url\" content=\"https:\/\/teterete.com\/mx\/producto\/licorera-mexicana-pintada-a-mano\/\" \/>\n<meta property=\"article:publisher\" content=\"https:\/\/www.facebook.com\/TetereteHome\/\" \/>\n<meta property=\"article:modified_time\" content=\"2025-11-07T14:46:16+00:00\" \/>\n<meta property=\"og:image\" content=\"https:\/\/teterete.com\/mx\/wp-content\/uploads\/2021\/08\/licorera-dia-de-muertos.jpeg\" \/>\n\t<meta property=\"og:image:width\" content=\"1280\" \/>\n\t<meta property=\"og:image:height\" content=\"960\" \/>\n\t<meta property=\"og:image:type\" content=\"image\/jpeg\" \/>\n<meta name=\"twitter:card\" content=\"summary_large_image\" \/>\n<meta name=\"twitter:site\" content=\"@Teterete_Home\" \/>\n<meta name=\"twitter:label1\" content=\"Tiempo de lectura\" \/>\n\t<meta name=\"twitter:data1\" content=\"1 minuto\" \/>\n<script type=\"application\/ld+json\" class=\"yoast-schema-graph\">{\"@context\":\"https:\\\/\\\/schema.org\",\"@graph\":[{\"@type\":\"WebPage\",\"@id\":\"https:\\\/\\\/teterete.com\\\/mx\\\/producto\\\/licorera-mexicana-pintada-a-mano\\\/\",\"url\":\"https:\\\/\\\/teterete.com\\\/mx\\\/producto\\\/licorera-mexicana-pintada-a-mano\\\/\",\"name\":\"Licorera Calavera Pintada a Mano -\",\"isPartOf\":{\"@id\":\"https:\\\/\\\/teterete.com\\\/mx\\\/#website\"},\"primaryImageOfPage\":{\"@id\":\"https:\\\/\\\/teterete.com\\\/mx\\\/producto\\\/licorera-mexicana-pintada-a-mano\\\/#primaryimage\"},\"image\":{\"@id\":\"https:\\\/\\\/teterete.com\\\/mx\\\/producto\\\/licorera-mexicana-pintada-a-mano\\\/#primaryimage\"},\"thumbnailUrl\":\"https:\\\/\\\/teterete.com\\\/mx\\\/wp-content\\\/uploads\\\/2021\\\/08\\\/licorera-dia-de-muertos.jpeg\",\"datePublished\":\"2021-08-06T19:18:51+00:00\",\"dateModified\":\"2025-11-07T14:46:16+00:00\",\"description\":\"Licorera de calavera artesanal mexicana elaborada a mano por artesanos de Guerrero. El set incluye licorera en vidrio, craneo en barro y caballitos\",\"breadcrumb\":{\"@id\":\"https:\\\/\\\/teterete.com\\\/mx\\\/producto\\\/licorera-mexicana-pintada-a-mano\\\/#breadcrumb\"},\"inLanguage\":\"es\",\"potentialAction\":[{\"@type\":\"ReadAction\",\"target\":[\"https:\\\/\\\/teterete.com\\\/mx\\\/producto\\\/licorera-mexicana-pintada-a-mano\\\/\"]}]},{\"@type\":\"ImageObject\",\"inLanguage\":\"es\",\"@id\":\"https:\\\/\\\/teterete.com\\\/mx\\\/producto\\\/licorera-mexicana-pintada-a-mano\\\/#primaryimage\",\"url\":\"https:\\\/\\\/teterete.com\\\/mx\\\/wp-content\\\/uploads\\\/2021\\\/08\\\/licorera-dia-de-muertos.jpeg\",\"contentUrl\":\"https:\\\/\\\/teterete.com\\\/mx\\\/wp-content\\\/uploads\\\/2021\\\/08\\\/licorera-dia-de-muertos.jpeg\",\"width\":\"1280\",\"height\":\"960\",\"caption\":\"Licorera D\u00eda de Muertos\"},{\"@type\":\"BreadcrumbList\",\"@id\":\"https:\\\/\\\/teterete.com\\\/mx\\\/producto\\\/licorera-mexicana-pintada-a-mano\\\/#breadcrumb\",\"itemListElement\":[{\"@type\":\"ListItem\",\"position\":1,\"name\":\"Home\",\"item\":\"https:\\\/\\\/teterete.com\\\/mx\\\/\"},{\"@type\":\"ListItem\",\"position\":2,\"name\":\"Productos\",\"item\":\"https:\\\/\\\/teterete.com\\\/mx\\\/shop\\\/\"},{\"@type\":\"ListItem\",\"position\":3,\"name\":\"Licorera Calavera Pintada a Mano\"}]},{\"@type\":\"WebSite\",\"@id\":\"https:\\\/\\\/teterete.com\\\/mx\\\/#website\",\"url\":\"https:\\\/\\\/teterete.com\\\/mx\\\/\",\"name\":\"\",\"description\":\"Tienda en L\u00ednea de Fina Artesanias y Dise\u00f1o Mexicano. Bellas piezas elaboradas a mano por los mejores artesanos del pa\u00eds as\u00ed como piezas de dise\u00f1o y decoraci\u00f3n con inspiraci\u00f3n artesanal.\",\"potentialAction\":[{\"@type\":\"SearchAction\",\"target\":{\"@type\":\"EntryPoint\",\"urlTemplate\":\"https:\\\/\\\/teterete.com\\\/mx\\\/?s={search_term_string}\"},\"query-input\":{\"@type\":\"PropertyValueSpecification\",\"valueRequired\":true,\"valueName\":\"search_term_string\"}}],\"inLanguage\":\"es\"}]}<\/script>\n<!-- \/ Yoast SEO plugin. -->","yoast_head_json":{"title":"Licorera Calavera Pintada a Mano -","description":"Licorera de calavera artesanal mexicana elaborada a mano por artesanos de Guerrero. El set incluye licorera en vidrio, craneo en barro y caballitos","robots":{"index":"index","follow":"follow","max-snippet":"max-snippet:-1","max-image-preview":"max-image-preview:large","max-video-preview":"max-video-preview:-1"},"canonical":"https:\/\/teterete.com\/mx\/producto\/licorera-mexicana-pintada-a-mano\/","og_locale":"es_ES","og_type":"article","og_title":"Licorera Calavera Pintada a Mano -","og_description":"Licorera de calavera artesanal mexicana elaborada a mano por artesanos de Guerrero. El set incluye licorera en vidrio, craneo en barro y caballitos","og_url":"https:\/\/teterete.com\/mx\/producto\/licorera-mexicana-pintada-a-mano\/","article_publisher":"https:\/\/www.facebook.com\/TetereteHome\/","article_modified_time":"2025-11-07T14:46:16+00:00","og_image":[{"width":1280,"height":960,"url":"https:\/\/teterete.com\/mx\/wp-content\/uploads\/2021\/08\/licorera-dia-de-muertos.jpeg","type":"image\/jpeg"}],"twitter_card":"summary_large_image","twitter_site":"@Teterete_Home","twitter_misc":{"Tiempo de lectura":"1 minuto"},"schema":{"@context":"https:\/\/schema.org","@graph":[{"@type":"WebPage","@id":"https:\/\/teterete.com\/mx\/producto\/licorera-mexicana-pintada-a-mano\/","url":"https:\/\/teterete.com\/mx\/producto\/licorera-mexicana-pintada-a-mano\/","name":"Licorera Calavera Pintada a Mano -","isPartOf":{"@id":"https:\/\/teterete.com\/mx\/#website"},"primaryImageOfPage":{"@id":"https:\/\/teterete.com\/mx\/producto\/licorera-mexicana-pintada-a-mano\/#primaryimage"},"image":{"@id":"https:\/\/teterete.com\/mx\/producto\/licorera-mexicana-pintada-a-mano\/#primaryimage"},"thumbnailUrl":"https:\/\/teterete.com\/mx\/wp-content\/uploads\/2021\/08\/licorera-dia-de-muertos.jpeg","datePublished":"2021-08-06T19:18:51+00:00","dateModified":"2025-11-07T14:46:16+00:00","description":"Licorera de calavera artesanal mexicana elaborada a mano por artesanos de Guerrero. El set incluye licorera en vidrio, craneo en barro y caballitos","breadcrumb":{"@id":"https:\/\/teterete.com\/mx\/producto\/licorera-mexicana-pintada-a-mano\/#breadcrumb"},"inLanguage":"es","potentialAction":[{"@type":"ReadAction","target":["https:\/\/teterete.com\/mx\/producto\/licorera-mexicana-pintada-a-mano\/"]}]},{"@type":"ImageObject","inLanguage":"es","@id":"https:\/\/teterete.com\/mx\/producto\/licorera-mexicana-pintada-a-mano\/#primaryimage","url":"https:\/\/teterete.com\/mx\/wp-content\/uploads\/2021\/08\/licorera-dia-de-muertos.jpeg","contentUrl":"https:\/\/teterete.com\/mx\/wp-content\/uploads\/2021\/08\/licorera-dia-de-muertos.jpeg","width":"1280","height":"960","caption":"Licorera D\u00eda de Muertos"},{"@type":"BreadcrumbList","@id":"https:\/\/teterete.com\/mx\/producto\/licorera-mexicana-pintada-a-mano\/#breadcrumb","itemListElement":[{"@type":"ListItem","position":1,"name":"Home","item":"https:\/\/teterete.com\/mx\/"},{"@type":"ListItem","position":2,"name":"Productos","item":"https:\/\/teterete.com\/mx\/shop\/"},{"@type":"ListItem","position":3,"name":"Licorera Calavera Pintada a Mano"}]},{"@type":"WebSite","@id":"https:\/\/teterete.com\/mx\/#website","url":"https:\/\/teterete.com\/mx\/","name":"","description":"Tienda en L\u00ednea de Fina Artesanias y Dise\u00f1o Mexicano. Bellas piezas elaboradas a mano por los mejores artesanos del pa\u00eds as\u00ed como piezas de dise\u00f1o y decoraci\u00f3n con inspiraci\u00f3n artesanal.","potentialAction":[{"@type":"SearchAction","target":{"@type":"EntryPoint","urlTemplate":"https:\/\/teterete.com\/mx\/?s={search_term_string}"},"query-input":{"@type":"PropertyValueSpecification","valueRequired":true,"valueName":"search_term_string"}}],"inLanguage":"es"}]}},"_links":{"self":[{"href":"https:\/\/teterete.com\/mx\/wp-json\/wp\/v2\/product\/9821","targetHints":{"allow":["GET"]}}],"collection":[{"href":"https:\/\/teterete.com\/mx\/wp-json\/wp\/v2\/product"}],"about":[{"href":"https:\/\/teterete.com\/mx\/wp-json\/wp\/v2\/types\/product"}],"replies":[{"embeddable":true,"href":"https:\/\/teterete.com\/mx\/wp-json\/wp\/v2\/comments?post=9821"}],"wp:featuredmedia":[{"embeddable":true,"href":"https:\/\/teterete.com\/mx\/wp-json\/wp\/v2\/media\/9828"}],"wp:attachment":[{"href":"https:\/\/teterete.com\/mx\/wp-json\/wp\/v2\/media?parent=9821"}],"wp:term":[{"taxonomy":"product_brand","embeddable":true,"href":"https:\/\/teterete.com\/mx\/wp-json\/wp\/v2\/product_brand?post=9821"},{"taxonomy":"product_cat","embeddable":true,"href":"https:\/\/teterete.com\/mx\/wp-json\/wp\/v2\/product_cat?post=9821"},{"taxonomy":"product_tag","embeddable":true,"href":"https:\/\/teterete.com\/mx\/wp-json\/wp\/v2\/product_tag?post=9821"}],"curies":[{"name":"wp","href":"https:\/\/api.w.org\/{rel}","templated":true}]}}