{"id":9839,"date":"2021-08-07T14:32:00","date_gmt":"2021-08-07T14:32:00","guid":{"rendered":"https:\/\/teterete.com\/mx\/?post_type=product&#038;p=9839"},"modified":"2024-09-04T19:40:17","modified_gmt":"2024-09-04T19:40:17","slug":"florero-artesanal-alveolo","status":"publish","type":"product","link":"https:\/\/teterete.com\/mx\/producto\/florero-artesanal-alveolo\/","title":{"rendered":"Florero Artesanal Alve\u00f3lo"},"content":{"rendered":"<p>Color: Blanco<br \/>\nVenta en set de 4 floreros y 1 base<\/p>\n<p>Medidas: Alve\u00f3lo 7 cm x 7 cm x 20 cm Base 14 cm x 14 cm x 3 cm<\/p>\n<p>Dise\u00f1ado por Gloria Rubio<\/p>\n<p>Pieza elaborada en cer\u00e1mica de alta temperatura<\/p>\n<p>Entrega 3-5 d\u00edas h\u00e1biles<\/p>\n<p>&nbsp;<\/p>\n","protected":false},"excerpt":{"rendered":"<p>Florero con base, su dise\u00f1o nace de la deformaci\u00f3n manual de las piezas, d\u00e1ndole un toque \u00fanico y personal a cada una de ellas, puede separarse.<\/p>\n","protected":false},"featured_media":9840,"comment_status":"open","ping_status":"closed","template":"","meta":{"_acf_changed":false,"sfsi_plus_gutenberg_text_before_share":"","sfsi_plus_gutenberg_show_text_before_share":"","sfsi_plus_gutenberg_icon_type":"","sfsi_plus_gutenberg_icon_alignemt":"","sfsi_plus_gutenburg_max_per_row":""},"product_brand":[],"product_cat":[334,15,61,2057],"product_tag":[874,222,780,228,413,1222,232,1223,1220,1221],"class_list":{"0":"post-9839","1":"product","2":"type-product","3":"status-publish","4":"has-post-thumbnail","6":"product_cat-accesorios-bano","7":"product_cat-ceramica","8":"product_cat-para_ella","9":"product_cat-regalos-mama","10":"product_tag-accesorios-de-cocina","11":"product_tag-artesania-mexicana","12":"product_tag-ceramica","13":"product_tag-ceramica-mexicana","14":"product_tag-craneo-mexicano","15":"product_tag-decoracion-dia-de-muertos","16":"product_tag-decoracion-mexicana","17":"product_tag-dia-de-muertos","18":"product_tag-florero","19":"product_tag-florero-craneo","20":"product_shipping_class-standard","22":"first","23":"instock","24":"taxable","25":"shipping-taxable","26":"purchasable","27":"product-type-simple"},"acf":[],"yoast_head":"<!-- This site is optimized with the Yoast SEO plugin v27.6 - https:\/\/yoast.com\/product\/yoast-seo-wordpress\/ -->\n<title>Florero Artesanal Alve\u00f3lo -<\/title>\n<meta name=\"description\" content=\"Florero con base, su dise\u00f1o nace de la deformaci\u00f3n manual de las piezas, d\u00e1ndole un toque \u00fanico y personal a cada una de ellas, puede separarse.\" \/>\n<meta name=\"robots\" content=\"index, follow, max-snippet:-1, max-image-preview:large, max-video-preview:-1\" \/>\n<link rel=\"canonical\" href=\"https:\/\/teterete.com\/mx\/producto\/florero-artesanal-alveolo\/\" \/>\n<meta property=\"og:locale\" content=\"es_ES\" \/>\n<meta property=\"og:type\" content=\"article\" \/>\n<meta property=\"og:title\" content=\"Florero Artesanal Alve\u00f3lo -\" \/>\n<meta property=\"og:description\" content=\"Florero con base, su dise\u00f1o nace de la deformaci\u00f3n manual de las piezas, d\u00e1ndole un toque \u00fanico y personal a cada una de ellas, puede separarse.\" \/>\n<meta property=\"og:url\" content=\"https:\/\/teterete.com\/mx\/producto\/florero-artesanal-alveolo\/\" \/>\n<meta property=\"article:publisher\" content=\"https:\/\/www.facebook.com\/TetereteHome\/\" \/>\n<meta property=\"article:modified_time\" content=\"2024-09-04T19:40:17+00:00\" \/>\n<meta property=\"og:image\" content=\"https:\/\/teterete.com\/mx\/wp-content\/uploads\/2021\/08\/florero_ceramica_cilindro_largo_1_900x.jpg\" \/>\n\t<meta property=\"og:image:width\" content=\"900\" \/>\n\t<meta property=\"og:image:height\" content=\"900\" \/>\n\t<meta property=\"og:image:type\" content=\"image\/jpeg\" \/>\n<meta name=\"twitter:card\" content=\"summary_large_image\" \/>\n<meta name=\"twitter:site\" content=\"@Teterete_Home\" \/>\n<meta name=\"twitter:label1\" content=\"Tiempo de lectura\" \/>\n\t<meta name=\"twitter:data1\" content=\"1 minuto\" \/>\n<script type=\"application\/ld+json\" class=\"yoast-schema-graph\">{\"@context\":\"https:\\\/\\\/schema.org\",\"@graph\":[{\"@type\":\"WebPage\",\"@id\":\"https:\\\/\\\/teterete.com\\\/mx\\\/producto\\\/florero-artesanal-alveolo\\\/\",\"url\":\"https:\\\/\\\/teterete.com\\\/mx\\\/producto\\\/florero-artesanal-alveolo\\\/\",\"name\":\"Florero Artesanal Alve\u00f3lo -\",\"isPartOf\":{\"@id\":\"https:\\\/\\\/teterete.com\\\/mx\\\/#website\"},\"primaryImageOfPage\":{\"@id\":\"https:\\\/\\\/teterete.com\\\/mx\\\/producto\\\/florero-artesanal-alveolo\\\/#primaryimage\"},\"image\":{\"@id\":\"https:\\\/\\\/teterete.com\\\/mx\\\/producto\\\/florero-artesanal-alveolo\\\/#primaryimage\"},\"thumbnailUrl\":\"https:\\\/\\\/teterete.com\\\/mx\\\/wp-content\\\/uploads\\\/2021\\\/08\\\/florero_ceramica_cilindro_largo_1_900x.jpg\",\"datePublished\":\"2021-08-07T14:32:00+00:00\",\"dateModified\":\"2024-09-04T19:40:17+00:00\",\"description\":\"Florero con base, su dise\u00f1o nace de la deformaci\u00f3n manual de las piezas, d\u00e1ndole un toque \u00fanico y personal a cada una de ellas, puede separarse.\",\"breadcrumb\":{\"@id\":\"https:\\\/\\\/teterete.com\\\/mx\\\/producto\\\/florero-artesanal-alveolo\\\/#breadcrumb\"},\"inLanguage\":\"es\",\"potentialAction\":[{\"@type\":\"ReadAction\",\"target\":[\"https:\\\/\\\/teterete.com\\\/mx\\\/producto\\\/florero-artesanal-alveolo\\\/\"]}]},{\"@type\":\"ImageObject\",\"inLanguage\":\"es\",\"@id\":\"https:\\\/\\\/teterete.com\\\/mx\\\/producto\\\/florero-artesanal-alveolo\\\/#primaryimage\",\"url\":\"https:\\\/\\\/teterete.com\\\/mx\\\/wp-content\\\/uploads\\\/2021\\\/08\\\/florero_ceramica_cilindro_largo_1_900x.jpg\",\"contentUrl\":\"https:\\\/\\\/teterete.com\\\/mx\\\/wp-content\\\/uploads\\\/2021\\\/08\\\/florero_ceramica_cilindro_largo_1_900x.jpg\",\"width\":\"900\",\"height\":\"900\"},{\"@type\":\"BreadcrumbList\",\"@id\":\"https:\\\/\\\/teterete.com\\\/mx\\\/producto\\\/florero-artesanal-alveolo\\\/#breadcrumb\",\"itemListElement\":[{\"@type\":\"ListItem\",\"position\":1,\"name\":\"Home\",\"item\":\"https:\\\/\\\/teterete.com\\\/mx\\\/\"},{\"@type\":\"ListItem\",\"position\":2,\"name\":\"Productos\",\"item\":\"https:\\\/\\\/teterete.com\\\/mx\\\/shop\\\/\"},{\"@type\":\"ListItem\",\"position\":3,\"name\":\"Florero Artesanal Alve\u00f3lo\"}]},{\"@type\":\"WebSite\",\"@id\":\"https:\\\/\\\/teterete.com\\\/mx\\\/#website\",\"url\":\"https:\\\/\\\/teterete.com\\\/mx\\\/\",\"name\":\"\",\"description\":\"Tienda en L\u00ednea de Fina Artesanias y Dise\u00f1o Mexicano. Bellas piezas elaboradas a mano por los mejores artesanos del pa\u00eds as\u00ed como piezas de dise\u00f1o y decoraci\u00f3n con inspiraci\u00f3n artesanal.\",\"potentialAction\":[{\"@type\":\"SearchAction\",\"target\":{\"@type\":\"EntryPoint\",\"urlTemplate\":\"https:\\\/\\\/teterete.com\\\/mx\\\/?s={search_term_string}\"},\"query-input\":{\"@type\":\"PropertyValueSpecification\",\"valueRequired\":true,\"valueName\":\"search_term_string\"}}],\"inLanguage\":\"es\"}]}<\/script>\n<!-- \/ Yoast SEO plugin. -->","yoast_head_json":{"title":"Florero Artesanal Alve\u00f3lo -","description":"Florero con base, su dise\u00f1o nace de la deformaci\u00f3n manual de las piezas, d\u00e1ndole un toque \u00fanico y personal a cada una de ellas, puede separarse.","robots":{"index":"index","follow":"follow","max-snippet":"max-snippet:-1","max-image-preview":"max-image-preview:large","max-video-preview":"max-video-preview:-1"},"canonical":"https:\/\/teterete.com\/mx\/producto\/florero-artesanal-alveolo\/","og_locale":"es_ES","og_type":"article","og_title":"Florero Artesanal Alve\u00f3lo -","og_description":"Florero con base, su dise\u00f1o nace de la deformaci\u00f3n manual de las piezas, d\u00e1ndole un toque \u00fanico y personal a cada una de ellas, puede separarse.","og_url":"https:\/\/teterete.com\/mx\/producto\/florero-artesanal-alveolo\/","article_publisher":"https:\/\/www.facebook.com\/TetereteHome\/","article_modified_time":"2024-09-04T19:40:17+00:00","og_image":[{"width":900,"height":900,"url":"https:\/\/teterete.com\/mx\/wp-content\/uploads\/2021\/08\/florero_ceramica_cilindro_largo_1_900x.jpg","type":"image\/jpeg"}],"twitter_card":"summary_large_image","twitter_site":"@Teterete_Home","twitter_misc":{"Tiempo de lectura":"1 minuto"},"schema":{"@context":"https:\/\/schema.org","@graph":[{"@type":"WebPage","@id":"https:\/\/teterete.com\/mx\/producto\/florero-artesanal-alveolo\/","url":"https:\/\/teterete.com\/mx\/producto\/florero-artesanal-alveolo\/","name":"Florero Artesanal Alve\u00f3lo -","isPartOf":{"@id":"https:\/\/teterete.com\/mx\/#website"},"primaryImageOfPage":{"@id":"https:\/\/teterete.com\/mx\/producto\/florero-artesanal-alveolo\/#primaryimage"},"image":{"@id":"https:\/\/teterete.com\/mx\/producto\/florero-artesanal-alveolo\/#primaryimage"},"thumbnailUrl":"https:\/\/teterete.com\/mx\/wp-content\/uploads\/2021\/08\/florero_ceramica_cilindro_largo_1_900x.jpg","datePublished":"2021-08-07T14:32:00+00:00","dateModified":"2024-09-04T19:40:17+00:00","description":"Florero con base, su dise\u00f1o nace de la deformaci\u00f3n manual de las piezas, d\u00e1ndole un toque \u00fanico y personal a cada una de ellas, puede separarse.","breadcrumb":{"@id":"https:\/\/teterete.com\/mx\/producto\/florero-artesanal-alveolo\/#breadcrumb"},"inLanguage":"es","potentialAction":[{"@type":"ReadAction","target":["https:\/\/teterete.com\/mx\/producto\/florero-artesanal-alveolo\/"]}]},{"@type":"ImageObject","inLanguage":"es","@id":"https:\/\/teterete.com\/mx\/producto\/florero-artesanal-alveolo\/#primaryimage","url":"https:\/\/teterete.com\/mx\/wp-content\/uploads\/2021\/08\/florero_ceramica_cilindro_largo_1_900x.jpg","contentUrl":"https:\/\/teterete.com\/mx\/wp-content\/uploads\/2021\/08\/florero_ceramica_cilindro_largo_1_900x.jpg","width":"900","height":"900"},{"@type":"BreadcrumbList","@id":"https:\/\/teterete.com\/mx\/producto\/florero-artesanal-alveolo\/#breadcrumb","itemListElement":[{"@type":"ListItem","position":1,"name":"Home","item":"https:\/\/teterete.com\/mx\/"},{"@type":"ListItem","position":2,"name":"Productos","item":"https:\/\/teterete.com\/mx\/shop\/"},{"@type":"ListItem","position":3,"name":"Florero Artesanal Alve\u00f3lo"}]},{"@type":"WebSite","@id":"https:\/\/teterete.com\/mx\/#website","url":"https:\/\/teterete.com\/mx\/","name":"","description":"Tienda en L\u00ednea de Fina Artesanias y Dise\u00f1o Mexicano. Bellas piezas elaboradas a mano por los mejores artesanos del pa\u00eds as\u00ed como piezas de dise\u00f1o y decoraci\u00f3n con inspiraci\u00f3n artesanal.","potentialAction":[{"@type":"SearchAction","target":{"@type":"EntryPoint","urlTemplate":"https:\/\/teterete.com\/mx\/?s={search_term_string}"},"query-input":{"@type":"PropertyValueSpecification","valueRequired":true,"valueName":"search_term_string"}}],"inLanguage":"es"}]}},"_links":{"self":[{"href":"https:\/\/teterete.com\/mx\/wp-json\/wp\/v2\/product\/9839","targetHints":{"allow":["GET"]}}],"collection":[{"href":"https:\/\/teterete.com\/mx\/wp-json\/wp\/v2\/product"}],"about":[{"href":"https:\/\/teterete.com\/mx\/wp-json\/wp\/v2\/types\/product"}],"replies":[{"embeddable":true,"href":"https:\/\/teterete.com\/mx\/wp-json\/wp\/v2\/comments?post=9839"}],"wp:featuredmedia":[{"embeddable":true,"href":"https:\/\/teterete.com\/mx\/wp-json\/wp\/v2\/media\/9840"}],"wp:attachment":[{"href":"https:\/\/teterete.com\/mx\/wp-json\/wp\/v2\/media?parent=9839"}],"wp:term":[{"taxonomy":"product_brand","embeddable":true,"href":"https:\/\/teterete.com\/mx\/wp-json\/wp\/v2\/product_brand?post=9839"},{"taxonomy":"product_cat","embeddable":true,"href":"https:\/\/teterete.com\/mx\/wp-json\/wp\/v2\/product_cat?post=9839"},{"taxonomy":"product_tag","embeddable":true,"href":"https:\/\/teterete.com\/mx\/wp-json\/wp\/v2\/product_tag?post=9839"}],"curies":[{"name":"wp","href":"https:\/\/api.w.org\/{rel}","templated":true}]}}