{"id":9991,"date":"2021-10-29T21:22:34","date_gmt":"2021-10-29T21:22:34","guid":{"rendered":"https:\/\/teterete.com\/mx\/?post_type=product&#038;p=9991"},"modified":"2026-01-04T19:23:21","modified_gmt":"2026-01-04T19:23:21","slug":"vasija-mexicana-calaveras","status":"publish","type":"product","link":"https:\/\/teterete.com\/mx\/producto\/vasija-mexicana-calaveras\/","title":{"rendered":"Vasija Mexicana de Calaveras"},"content":{"rendered":"<p>Material: Barro bru\u00f1ido<\/p>\n<p>Hecha a mano<\/p>\n<p>Origen: Santa Maria Atzompa, Oaxaca<\/p>\n<p>Medidas: 19 cms de alto x 22 cms de ancho<\/p>\n","protected":false},"excerpt":{"rendered":"<p>Barro bru\u00f1ido con dise\u00f1o de calaveras, incre\u00edble pieza artesanal de Santa mar\u00eda Atzompa, Oaxaca para decorar y darle un toque \u00e9tnico a cualquier espacio donde la coloques.<\/p>\n","protected":false},"featured_media":9992,"comment_status":"open","ping_status":"closed","template":"","meta":{"_acf_changed":false,"sfsi_plus_gutenberg_text_before_share":"","sfsi_plus_gutenberg_show_text_before_share":"","sfsi_plus_gutenberg_icon_type":"","sfsi_plus_gutenberg_icon_alignemt":"","sfsi_plus_gutenburg_max_per_row":""},"product_brand":[],"product_cat":[354,15,542,1584,1842,682],"product_tag":[236,2179,232,2181,2178,2180,1002,2182],"class_list":{"0":"post-9991","1":"product","2":"type-product","3":"status-publish","4":"has-post-thumbnail","6":"product_cat-barro-decorativo","7":"product_cat-ceramica","8":"product_cat-figurines_y_alebrijes","9":"product_cat-mesa-mexicana","10":"product_cat-oaxaca","11":"product_cat-terraza","12":"product_tag-arte-mexicano","13":"product_tag-ceramica-de-atzompa","14":"product_tag-decoracion-mexicana","15":"product_tag-maceta-calaveras","16":"product_tag-maceta-de-oaxaca","17":"product_tag-pieza-artesanal-mexicana","18":"product_tag-regalos-mexicanos","19":"product_tag-vasija-de-calaveras","20":"product_shipping_class-standard","22":"first","23":"instock","24":"taxable","25":"shipping-taxable","26":"purchasable","27":"product-type-simple"},"acf":[],"yoast_head":"<!-- This site is optimized with the Yoast SEO plugin v27.5 - https:\/\/yoast.com\/product\/yoast-seo-wordpress\/ -->\n<title>Vasija Mexicana de Calaveras -<\/title>\n<meta name=\"robots\" content=\"index, follow, max-snippet:-1, max-image-preview:large, max-video-preview:-1\" \/>\n<link rel=\"canonical\" href=\"https:\/\/teterete.com\/mx\/producto\/vasija-mexicana-calaveras\/\" \/>\n<meta property=\"og:locale\" content=\"es_ES\" \/>\n<meta property=\"og:type\" content=\"article\" \/>\n<meta property=\"og:title\" content=\"Vasija Mexicana de Calaveras -\" \/>\n<meta property=\"og:description\" content=\"Barro bru\u00f1ido con dise\u00f1o de calaveras, incre\u00edble pieza artesanal de Santa mar\u00eda Atzompa, Oaxaca para decorar y darle un toque \u00e9tnico a cualquier espacio donde la coloques.\" \/>\n<meta property=\"og:url\" content=\"https:\/\/teterete.com\/mx\/producto\/vasija-mexicana-calaveras\/\" \/>\n<meta property=\"article:publisher\" content=\"https:\/\/www.facebook.com\/TetereteHome\/\" \/>\n<meta property=\"article:modified_time\" content=\"2026-01-04T19:23:21+00:00\" \/>\n<meta property=\"og:image\" content=\"https:\/\/teterete.com\/mx\/wp-content\/uploads\/2021\/10\/vasija-de-calaveras.jpeg\" \/>\n\t<meta property=\"og:image:width\" content=\"1024\" \/>\n\t<meta property=\"og:image:height\" content=\"1024\" \/>\n\t<meta property=\"og:image:type\" content=\"image\/jpeg\" \/>\n<meta name=\"twitter:card\" content=\"summary_large_image\" \/>\n<meta name=\"twitter:site\" content=\"@Teterete_Home\" \/>\n<script type=\"application\/ld+json\" class=\"yoast-schema-graph\">{\"@context\":\"https:\\\/\\\/schema.org\",\"@graph\":[{\"@type\":\"WebPage\",\"@id\":\"https:\\\/\\\/teterete.com\\\/mx\\\/producto\\\/vasija-mexicana-calaveras\\\/\",\"url\":\"https:\\\/\\\/teterete.com\\\/mx\\\/producto\\\/vasija-mexicana-calaveras\\\/\",\"name\":\"Vasija Mexicana de Calaveras -\",\"isPartOf\":{\"@id\":\"https:\\\/\\\/teterete.com\\\/mx\\\/#website\"},\"primaryImageOfPage\":{\"@id\":\"https:\\\/\\\/teterete.com\\\/mx\\\/producto\\\/vasija-mexicana-calaveras\\\/#primaryimage\"},\"image\":{\"@id\":\"https:\\\/\\\/teterete.com\\\/mx\\\/producto\\\/vasija-mexicana-calaveras\\\/#primaryimage\"},\"thumbnailUrl\":\"https:\\\/\\\/teterete.com\\\/mx\\\/wp-content\\\/uploads\\\/2021\\\/10\\\/vasija-de-calaveras.jpeg\",\"datePublished\":\"2021-10-29T21:22:34+00:00\",\"dateModified\":\"2026-01-04T19:23:21+00:00\",\"breadcrumb\":{\"@id\":\"https:\\\/\\\/teterete.com\\\/mx\\\/producto\\\/vasija-mexicana-calaveras\\\/#breadcrumb\"},\"inLanguage\":\"es\",\"potentialAction\":[{\"@type\":\"ReadAction\",\"target\":[\"https:\\\/\\\/teterete.com\\\/mx\\\/producto\\\/vasija-mexicana-calaveras\\\/\"]}]},{\"@type\":\"ImageObject\",\"inLanguage\":\"es\",\"@id\":\"https:\\\/\\\/teterete.com\\\/mx\\\/producto\\\/vasija-mexicana-calaveras\\\/#primaryimage\",\"url\":\"https:\\\/\\\/teterete.com\\\/mx\\\/wp-content\\\/uploads\\\/2021\\\/10\\\/vasija-de-calaveras.jpeg\",\"contentUrl\":\"https:\\\/\\\/teterete.com\\\/mx\\\/wp-content\\\/uploads\\\/2021\\\/10\\\/vasija-de-calaveras.jpeg\",\"width\":\"1024\",\"height\":\"1024\",\"caption\":\"Vasija de Calaveras\"},{\"@type\":\"BreadcrumbList\",\"@id\":\"https:\\\/\\\/teterete.com\\\/mx\\\/producto\\\/vasija-mexicana-calaveras\\\/#breadcrumb\",\"itemListElement\":[{\"@type\":\"ListItem\",\"position\":1,\"name\":\"Home\",\"item\":\"https:\\\/\\\/teterete.com\\\/mx\\\/\"},{\"@type\":\"ListItem\",\"position\":2,\"name\":\"Productos\",\"item\":\"https:\\\/\\\/teterete.com\\\/mx\\\/shop\\\/\"},{\"@type\":\"ListItem\",\"position\":3,\"name\":\"Vasija Mexicana de Calaveras\"}]},{\"@type\":\"WebSite\",\"@id\":\"https:\\\/\\\/teterete.com\\\/mx\\\/#website\",\"url\":\"https:\\\/\\\/teterete.com\\\/mx\\\/\",\"name\":\"\",\"description\":\"Tienda en L\u00ednea de Fina Artesanias y Dise\u00f1o Mexicano. Bellas piezas elaboradas a mano por los mejores artesanos del pa\u00eds as\u00ed como piezas de dise\u00f1o y decoraci\u00f3n con inspiraci\u00f3n artesanal.\",\"potentialAction\":[{\"@type\":\"SearchAction\",\"target\":{\"@type\":\"EntryPoint\",\"urlTemplate\":\"https:\\\/\\\/teterete.com\\\/mx\\\/?s={search_term_string}\"},\"query-input\":{\"@type\":\"PropertyValueSpecification\",\"valueRequired\":true,\"valueName\":\"search_term_string\"}}],\"inLanguage\":\"es\"}]}<\/script>\n<!-- \/ Yoast SEO plugin. -->","yoast_head_json":{"title":"Vasija Mexicana de Calaveras -","robots":{"index":"index","follow":"follow","max-snippet":"max-snippet:-1","max-image-preview":"max-image-preview:large","max-video-preview":"max-video-preview:-1"},"canonical":"https:\/\/teterete.com\/mx\/producto\/vasija-mexicana-calaveras\/","og_locale":"es_ES","og_type":"article","og_title":"Vasija Mexicana de Calaveras -","og_description":"Barro bru\u00f1ido con dise\u00f1o de calaveras, incre\u00edble pieza artesanal de Santa mar\u00eda Atzompa, Oaxaca para decorar y darle un toque \u00e9tnico a cualquier espacio donde la coloques.","og_url":"https:\/\/teterete.com\/mx\/producto\/vasija-mexicana-calaveras\/","article_publisher":"https:\/\/www.facebook.com\/TetereteHome\/","article_modified_time":"2026-01-04T19:23:21+00:00","og_image":[{"width":1024,"height":1024,"url":"https:\/\/teterete.com\/mx\/wp-content\/uploads\/2021\/10\/vasija-de-calaveras.jpeg","type":"image\/jpeg"}],"twitter_card":"summary_large_image","twitter_site":"@Teterete_Home","schema":{"@context":"https:\/\/schema.org","@graph":[{"@type":"WebPage","@id":"https:\/\/teterete.com\/mx\/producto\/vasija-mexicana-calaveras\/","url":"https:\/\/teterete.com\/mx\/producto\/vasija-mexicana-calaveras\/","name":"Vasija Mexicana de Calaveras -","isPartOf":{"@id":"https:\/\/teterete.com\/mx\/#website"},"primaryImageOfPage":{"@id":"https:\/\/teterete.com\/mx\/producto\/vasija-mexicana-calaveras\/#primaryimage"},"image":{"@id":"https:\/\/teterete.com\/mx\/producto\/vasija-mexicana-calaveras\/#primaryimage"},"thumbnailUrl":"https:\/\/teterete.com\/mx\/wp-content\/uploads\/2021\/10\/vasija-de-calaveras.jpeg","datePublished":"2021-10-29T21:22:34+00:00","dateModified":"2026-01-04T19:23:21+00:00","breadcrumb":{"@id":"https:\/\/teterete.com\/mx\/producto\/vasija-mexicana-calaveras\/#breadcrumb"},"inLanguage":"es","potentialAction":[{"@type":"ReadAction","target":["https:\/\/teterete.com\/mx\/producto\/vasija-mexicana-calaveras\/"]}]},{"@type":"ImageObject","inLanguage":"es","@id":"https:\/\/teterete.com\/mx\/producto\/vasija-mexicana-calaveras\/#primaryimage","url":"https:\/\/teterete.com\/mx\/wp-content\/uploads\/2021\/10\/vasija-de-calaveras.jpeg","contentUrl":"https:\/\/teterete.com\/mx\/wp-content\/uploads\/2021\/10\/vasija-de-calaveras.jpeg","width":"1024","height":"1024","caption":"Vasija de Calaveras"},{"@type":"BreadcrumbList","@id":"https:\/\/teterete.com\/mx\/producto\/vasija-mexicana-calaveras\/#breadcrumb","itemListElement":[{"@type":"ListItem","position":1,"name":"Home","item":"https:\/\/teterete.com\/mx\/"},{"@type":"ListItem","position":2,"name":"Productos","item":"https:\/\/teterete.com\/mx\/shop\/"},{"@type":"ListItem","position":3,"name":"Vasija Mexicana de Calaveras"}]},{"@type":"WebSite","@id":"https:\/\/teterete.com\/mx\/#website","url":"https:\/\/teterete.com\/mx\/","name":"","description":"Tienda en L\u00ednea de Fina Artesanias y Dise\u00f1o Mexicano. Bellas piezas elaboradas a mano por los mejores artesanos del pa\u00eds as\u00ed como piezas de dise\u00f1o y decoraci\u00f3n con inspiraci\u00f3n artesanal.","potentialAction":[{"@type":"SearchAction","target":{"@type":"EntryPoint","urlTemplate":"https:\/\/teterete.com\/mx\/?s={search_term_string}"},"query-input":{"@type":"PropertyValueSpecification","valueRequired":true,"valueName":"search_term_string"}}],"inLanguage":"es"}]}},"_links":{"self":[{"href":"https:\/\/teterete.com\/mx\/wp-json\/wp\/v2\/product\/9991","targetHints":{"allow":["GET"]}}],"collection":[{"href":"https:\/\/teterete.com\/mx\/wp-json\/wp\/v2\/product"}],"about":[{"href":"https:\/\/teterete.com\/mx\/wp-json\/wp\/v2\/types\/product"}],"replies":[{"embeddable":true,"href":"https:\/\/teterete.com\/mx\/wp-json\/wp\/v2\/comments?post=9991"}],"wp:featuredmedia":[{"embeddable":true,"href":"https:\/\/teterete.com\/mx\/wp-json\/wp\/v2\/media\/9992"}],"wp:attachment":[{"href":"https:\/\/teterete.com\/mx\/wp-json\/wp\/v2\/media?parent=9991"}],"wp:term":[{"taxonomy":"product_brand","embeddable":true,"href":"https:\/\/teterete.com\/mx\/wp-json\/wp\/v2\/product_brand?post=9991"},{"taxonomy":"product_cat","embeddable":true,"href":"https:\/\/teterete.com\/mx\/wp-json\/wp\/v2\/product_cat?post=9991"},{"taxonomy":"product_tag","embeddable":true,"href":"https:\/\/teterete.com\/mx\/wp-json\/wp\/v2\/product_tag?post=9991"}],"curies":[{"name":"wp","href":"https:\/\/api.w.org\/{rel}","templated":true}]}}